{"id":1138,"date":"2023-09-16T18:27:32","date_gmt":"2023-09-16T18:27:32","guid":{"rendered":"https:\/\/cloud.ic.uff.br\/?page_id=1138"},"modified":"2023-09-16T19:09:15","modified_gmt":"2023-09-16T19:09:15","slug":"project-cnpq-universal","status":"publish","type":"page","link":"https:\/\/cloud.ic.uff.br\/index.php\/project-cnpq-universal\/","title":{"rendered":"CNPq Universal"},"content":{"rendered":"\n<h5 class=\"wp-block-heading has-text-align-center\" style=\"font-size:24px;text-transform:none\"><strong>Computational Cost Optimization of High-Performance Bioinformatics Applications in Computer Clouds<\/strong><\/h5>\n\n\n\n<p>Coordinator: <span class='tooltipsall tooltipsincontent classtoolTips0'>L\u00facia Maria de Assump\u00e7\u00e3o Drummond<\/span><\/p>\n\n\n\n<p class=\"has-text-align-justify\">Applications of national strategic importance, such as those used in the Oil and Gas industry, meteorology and areas of biodiversity and health, depend on High Performance Computing (HPC) to provide accurate results quickly. Many current problems increasingly depend on handling unprecedented volumes of data, which makes solving them in a timely manner increasingly challenging and expensive. Well established in the area of \u200b\u200bdistributed services, offering pre-configured sets of virtualized instances that can be easily provisioned and dynamically scaled on demand, cloud computing is continually transforming, providing a cheaper alternative to conventional computer centers.<\/p>\n\n\n\n<p class=\"has-text-align-justify\">By sharing resources, clouds offer users several advantages over dedicated infrastructure, in particular, significant cost reduction, access to state-of-the-art hardware and no worries about maintenance. However, despite the advantages, a number of challenges still need to be faced, including: choosing and adapting appropriate sets of instances to maximize performance; how to make application execution impervious to interference due to sharing resources in the cloud. This project aims to improve the management of running HPC applications in the cloud.<\/p>\n\n\n\n<p class=\"has-text-align-justify\">Using bioinformatics applications as a case study, the project focuses on aspects that impact performance and financial cost without violating service level agreements, including: the adoption of vertical elasticity of resources for the efficient and scalable use of each virtual instance(machines virtual or containers); the dynamic scheduling of application tasks in virtual instances, and; robustness through fault tolerance mechanisms to handle failures or revocations of cloud resources. More efficient cloud computing benefits providers, users, society and the environment.<\/p>\n\n\n\n<hr class=\"wp-block-separator has-alpha-channel-opacity is-style-dots\"\/>\n\n\n\n<h5 class=\"wp-block-heading has-text-align-center\" style=\"font-size:24px;text-transform:none\"><strong>Team<\/strong><\/h5>\n\n\n\n<figure class=\"wp-block-table\"><table><thead><tr><th><strong>Universidade Federal Fluminense<\/strong> (UFF)<\/th><\/tr><\/thead><tbody><tr><td><span class='tooltipsall tooltipsincontent classtoolTips0'>L\u00facia Maria de Assump\u00e7\u00e3o Drummond<\/span> &nbsp; <a href=\"http:\/\/orcid.org\/0000-0001-9939-1731\" class=\"ek-link\"><img decoding=\"async\" loading=\"lazy\" width=\"2048\" height=\"2048\" class=\"wp-image-687\" style=\"width: 16px;\" src=\"https:\/\/cloud.ic.uff.br\/wp-content\/uploads\/2023\/04\/ORCID_iD_Transparent.png\" alt=\"\" srcset=\"https:\/\/cloud.ic.uff.br\/wp-content\/uploads\/2023\/04\/ORCID_iD_Transparent.png 2048w, https:\/\/cloud.ic.uff.br\/wp-content\/uploads\/2023\/04\/ORCID_iD_Transparent-300x300.png 300w, https:\/\/cloud.ic.uff.br\/wp-content\/uploads\/2023\/04\/ORCID_iD_Transparent-1024x1024.png 1024w, https:\/\/cloud.ic.uff.br\/wp-content\/uploads\/2023\/04\/ORCID_iD_Transparent-150x150.png 150w, https:\/\/cloud.ic.uff.br\/wp-content\/uploads\/2023\/04\/ORCID_iD_Transparent-768x768.png 768w, https:\/\/cloud.ic.uff.br\/wp-content\/uploads\/2023\/04\/ORCID_iD_Transparent-1536x1536.png 1536w, https:\/\/cloud.ic.uff.br\/wp-content\/uploads\/2023\/04\/ORCID_iD_Transparent-100x100.png 100w\" sizes=\"(max-width: 767px) 89vw, (max-width: 1000px) 54vw, (max-width: 1071px) 543px, 580px\" \/><\/a> &nbsp; <a href=\"http:\/\/lattes.cnpq.br\/9314029648579658\" class=\"ek-link\"><img decoding=\"async\" loading=\"lazy\" width=\"288\" height=\"332\" class=\"wp-image-686\" style=\"width: 16px;\" src=\"https:\/\/cloud.ic.uff.br\/wp-content\/uploads\/2023\/04\/Lattes_Transparent.png\" alt=\"\" srcset=\"https:\/\/cloud.ic.uff.br\/wp-content\/uploads\/2023\/04\/Lattes_Transparent.png 288w, https:\/\/cloud.ic.uff.br\/wp-content\/uploads\/2023\/04\/Lattes_Transparent-260x300.png 260w\" sizes=\"(max-width: 288px) 100vw, 288px\" \/><\/a> &nbsp; <\/td><\/tr><tr><td>Daniel Cardoso Moraes de Oliveira &nbsp; <a class=\"ek-link\" href=\"https:\/\/orcid.org\/0000-0001-9346-7651\"><img decoding=\"async\" loading=\"lazy\" width=\"2048\" height=\"2048\" class=\"wp-image-687\" style=\"width: 16px;\" src=\"https:\/\/cloud.ic.uff.br\/wp-content\/uploads\/2023\/04\/ORCID_iD_Transparent.png\" alt=\"\" srcset=\"https:\/\/cloud.ic.uff.br\/wp-content\/uploads\/2023\/04\/ORCID_iD_Transparent.png 2048w, https:\/\/cloud.ic.uff.br\/wp-content\/uploads\/2023\/04\/ORCID_iD_Transparent-300x300.png 300w, https:\/\/cloud.ic.uff.br\/wp-content\/uploads\/2023\/04\/ORCID_iD_Transparent-1024x1024.png 1024w, https:\/\/cloud.ic.uff.br\/wp-content\/uploads\/2023\/04\/ORCID_iD_Transparent-150x150.png 150w, https:\/\/cloud.ic.uff.br\/wp-content\/uploads\/2023\/04\/ORCID_iD_Transparent-768x768.png 768w, https:\/\/cloud.ic.uff.br\/wp-content\/uploads\/2023\/04\/ORCID_iD_Transparent-1536x1536.png 1536w, https:\/\/cloud.ic.uff.br\/wp-content\/uploads\/2023\/04\/ORCID_iD_Transparent-100x100.png 100w\" sizes=\"(max-width: 767px) 89vw, (max-width: 1000px) 54vw, (max-width: 1071px) 543px, 580px\" \/><\/a> &nbsp; <a class=\"ek-link\" href=\"http:\/\/lattes.cnpq.br\/0743793296062293\"><img decoding=\"async\" loading=\"lazy\" width=\"288\" height=\"332\" class=\"wp-image-686\" style=\"width: 16px;\" src=\"https:\/\/cloud.ic.uff.br\/wp-content\/uploads\/2023\/04\/Lattes_Transparent.png\" alt=\"\" srcset=\"https:\/\/cloud.ic.uff.br\/wp-content\/uploads\/2023\/04\/Lattes_Transparent.png 288w, https:\/\/cloud.ic.uff.br\/wp-content\/uploads\/2023\/04\/Lattes_Transparent-260x300.png 260w\" sizes=\"(max-width: 288px) 100vw, 288px\" \/><\/a><\/td><\/tr><tr><td><span class='tooltipsall tooltipsincontent classtoolTips2'>Eugene Francis Vinod Rebello<\/span> &nbsp; <a class=\"ek-link\" href=\"https:\/\/orcid.org\/0000-0003-2715-6796\"><img decoding=\"async\" loading=\"lazy\" width=\"2048\" height=\"2048\" class=\"wp-image-687\" style=\"width: 16px;\" src=\"https:\/\/cloud.ic.uff.br\/wp-content\/uploads\/2023\/04\/ORCID_iD_Transparent.png\" alt=\"\" srcset=\"https:\/\/cloud.ic.uff.br\/wp-content\/uploads\/2023\/04\/ORCID_iD_Transparent.png 2048w, https:\/\/cloud.ic.uff.br\/wp-content\/uploads\/2023\/04\/ORCID_iD_Transparent-300x300.png 300w, https:\/\/cloud.ic.uff.br\/wp-content\/uploads\/2023\/04\/ORCID_iD_Transparent-1024x1024.png 1024w, https:\/\/cloud.ic.uff.br\/wp-content\/uploads\/2023\/04\/ORCID_iD_Transparent-150x150.png 150w, https:\/\/cloud.ic.uff.br\/wp-content\/uploads\/2023\/04\/ORCID_iD_Transparent-768x768.png 768w, https:\/\/cloud.ic.uff.br\/wp-content\/uploads\/2023\/04\/ORCID_iD_Transparent-1536x1536.png 1536w, https:\/\/cloud.ic.uff.br\/wp-content\/uploads\/2023\/04\/ORCID_iD_Transparent-100x100.png 100w\" sizes=\"(max-width: 767px) 89vw, (max-width: 1000px) 54vw, (max-width: 1071px) 543px, 580px\" \/><\/a> &nbsp; <a class=\"ek-link\" href=\"http:\/\/lattes.cnpq.br\/8795680989708219\"><img decoding=\"async\" loading=\"lazy\" width=\"288\" height=\"332\" class=\"wp-image-686\" style=\"width: 16px;\" src=\"https:\/\/cloud.ic.uff.br\/wp-content\/uploads\/2023\/04\/Lattes_Transparent.png\" alt=\"\" srcset=\"https:\/\/cloud.ic.uff.br\/wp-content\/uploads\/2023\/04\/Lattes_Transparent.png 288w, https:\/\/cloud.ic.uff.br\/wp-content\/uploads\/2023\/04\/Lattes_Transparent-260x300.png 260w\" sizes=\"(max-width: 288px) 100vw, 288px\" \/><\/a><\/td><\/tr><tr><td><span class='tooltipsall tooltipsincontent classtoolTips3'>Maria Cristina Silva Boeres<\/span> &nbsp; <a class=\"ek-link\" href=\"https:\/\/orcid.org\/0000-0002-1679-6643\"><img decoding=\"async\" loading=\"lazy\" width=\"2048\" height=\"2048\" class=\"wp-image-687\" style=\"width: 16px;\" src=\"https:\/\/cloud.ic.uff.br\/wp-content\/uploads\/2023\/04\/ORCID_iD_Transparent.png\" alt=\"\" srcset=\"https:\/\/cloud.ic.uff.br\/wp-content\/uploads\/2023\/04\/ORCID_iD_Transparent.png 2048w, https:\/\/cloud.ic.uff.br\/wp-content\/uploads\/2023\/04\/ORCID_iD_Transparent-300x300.png 300w, https:\/\/cloud.ic.uff.br\/wp-content\/uploads\/2023\/04\/ORCID_iD_Transparent-1024x1024.png 1024w, https:\/\/cloud.ic.uff.br\/wp-content\/uploads\/2023\/04\/ORCID_iD_Transparent-150x150.png 150w, https:\/\/cloud.ic.uff.br\/wp-content\/uploads\/2023\/04\/ORCID_iD_Transparent-768x768.png 768w, https:\/\/cloud.ic.uff.br\/wp-content\/uploads\/2023\/04\/ORCID_iD_Transparent-1536x1536.png 1536w, https:\/\/cloud.ic.uff.br\/wp-content\/uploads\/2023\/04\/ORCID_iD_Transparent-100x100.png 100w\" sizes=\"(max-width: 767px) 89vw, (max-width: 1000px) 54vw, (max-width: 1071px) 543px, 580px\" \/><\/a> &nbsp; <a class=\"ek-link\" href=\"http:\/\/lattes.cnpq.br\/0306766365983082\"><img decoding=\"async\" loading=\"lazy\" width=\"288\" height=\"332\" class=\"wp-image-686\" style=\"width: 16px;\" src=\"https:\/\/cloud.ic.uff.br\/wp-content\/uploads\/2023\/04\/Lattes_Transparent.png\" alt=\"\" srcset=\"https:\/\/cloud.ic.uff.br\/wp-content\/uploads\/2023\/04\/Lattes_Transparent.png 288w, https:\/\/cloud.ic.uff.br\/wp-content\/uploads\/2023\/04\/Lattes_Transparent-260x300.png 260w\" sizes=\"(max-width: 288px) 100vw, 288px\" \/><\/a><\/td><\/tr><\/tbody><\/table><\/figure>\n\n\n\n<figure class=\"wp-block-table\"><table><thead><tr><th><strong>Universidade de Bras\u00edlia (UnB)<\/strong><\/th><\/tr><\/thead><tbody><tr><td>Alba Cristina Magalh\u00e3es Alves de Melo &nbsp; <a href=\"http:\/\/orcid.org\/0000-0001-5191-5209\"><img decoding=\"async\" loading=\"lazy\" width=\"2048\" height=\"2048\" class=\"wp-image-687\" style=\"width: 16px;\" src=\"https:\/\/cloud.ic.uff.br\/wp-content\/uploads\/2023\/04\/ORCID_iD_Transparent.png\" alt=\"\" srcset=\"https:\/\/cloud.ic.uff.br\/wp-content\/uploads\/2023\/04\/ORCID_iD_Transparent.png 2048w, https:\/\/cloud.ic.uff.br\/wp-content\/uploads\/2023\/04\/ORCID_iD_Transparent-300x300.png 300w, https:\/\/cloud.ic.uff.br\/wp-content\/uploads\/2023\/04\/ORCID_iD_Transparent-1024x1024.png 1024w, https:\/\/cloud.ic.uff.br\/wp-content\/uploads\/2023\/04\/ORCID_iD_Transparent-150x150.png 150w, https:\/\/cloud.ic.uff.br\/wp-content\/uploads\/2023\/04\/ORCID_iD_Transparent-768x768.png 768w, https:\/\/cloud.ic.uff.br\/wp-content\/uploads\/2023\/04\/ORCID_iD_Transparent-1536x1536.png 1536w, https:\/\/cloud.ic.uff.br\/wp-content\/uploads\/2023\/04\/ORCID_iD_Transparent-100x100.png 100w\" sizes=\"(max-width: 767px) 89vw, (max-width: 1000px) 54vw, (max-width: 1071px) 543px, 580px\" \/><\/a> &nbsp; <a href=\"http:\/\/lattes.cnpq.br\/5123602572479168\"><img decoding=\"async\" loading=\"lazy\" width=\"288\" height=\"332\" class=\"wp-image-686\" style=\"width: 16px;\" src=\"https:\/\/cloud.ic.uff.br\/wp-content\/uploads\/2023\/04\/Lattes_Transparent.png\" alt=\"\" srcset=\"https:\/\/cloud.ic.uff.br\/wp-content\/uploads\/2023\/04\/Lattes_Transparent.png 288w, https:\/\/cloud.ic.uff.br\/wp-content\/uploads\/2023\/04\/Lattes_Transparent-260x300.png 260w\" sizes=\"(max-width: 288px) 100vw, 288px\" \/><\/a><\/td><\/tr><\/tbody><\/table><\/figure>\n\n\n\n<figure class=\"wp-block-table\"><table><thead><tr><th><strong>Universidade Estadual de Campinas<\/strong> (Unicamp)<\/th><\/tr><\/thead><tbody><tr><td>Edson Borin &nbsp; <a href=\"https:\/\/orcid.org\/0000-0003-1783-4231\"><img decoding=\"async\" loading=\"lazy\" width=\"2048\" height=\"2048\" class=\"wp-image-687\" style=\"width: 16px;\" src=\"https:\/\/cloud.ic.uff.br\/wp-content\/uploads\/2023\/04\/ORCID_iD_Transparent.png\" alt=\"\" srcset=\"https:\/\/cloud.ic.uff.br\/wp-content\/uploads\/2023\/04\/ORCID_iD_Transparent.png 2048w, https:\/\/cloud.ic.uff.br\/wp-content\/uploads\/2023\/04\/ORCID_iD_Transparent-300x300.png 300w, https:\/\/cloud.ic.uff.br\/wp-content\/uploads\/2023\/04\/ORCID_iD_Transparent-1024x1024.png 1024w, https:\/\/cloud.ic.uff.br\/wp-content\/uploads\/2023\/04\/ORCID_iD_Transparent-150x150.png 150w, https:\/\/cloud.ic.uff.br\/wp-content\/uploads\/2023\/04\/ORCID_iD_Transparent-768x768.png 768w, https:\/\/cloud.ic.uff.br\/wp-content\/uploads\/2023\/04\/ORCID_iD_Transparent-1536x1536.png 1536w, https:\/\/cloud.ic.uff.br\/wp-content\/uploads\/2023\/04\/ORCID_iD_Transparent-100x100.png 100w\" sizes=\"(max-width: 767px) 89vw, (max-width: 1000px) 54vw, (max-width: 1071px) 543px, 580px\" \/><\/a> &nbsp; <a href=\"http:\/\/lattes.cnpq.br\/4176915322233893\"><img decoding=\"async\" loading=\"lazy\" width=\"288\" height=\"332\" class=\"wp-image-686\" style=\"width: 16px;\" src=\"https:\/\/cloud.ic.uff.br\/wp-content\/uploads\/2023\/04\/Lattes_Transparent.png\" alt=\"\" srcset=\"https:\/\/cloud.ic.uff.br\/wp-content\/uploads\/2023\/04\/Lattes_Transparent.png 288w, https:\/\/cloud.ic.uff.br\/wp-content\/uploads\/2023\/04\/Lattes_Transparent-260x300.png 260w\" sizes=\"(max-width: 288px) 100vw, 288px\" \/><\/a><\/td><\/tr><\/tbody><\/table><\/figure>\n\n\n\n<hr class=\"wp-block-separator has-alpha-channel-opacity is-style-dots\"\/>\n\n\n\n<h5 class=\"wp-block-heading has-text-align-center\" style=\"font-size:24px;text-transform:none\"><strong>Publications<\/strong><\/h5>\n<script type=\"text\/javascript\"> toolTips('.classtoolTips0','<img class=\"size-medium wp-image-960 aligncenter\" src=\"https:\/\/cloud.ic.uff.br\/wp-content\/uploads\/2023\/08\/Lucia_Drummond-300x240.png\" alt=\"\" width=\"300\" height=\"240\" \/><br\/><br\/>Full Professor at the Institute of Computing of the Universidade Federal Fluminense (UFF).<br\/><br\/>&nbsp;<br\/><p align=\"justify\">Short Bio: She obtained her D.Sc. in Systems Engineering and Computer Science from the Federal University of Rio de Janeiro, Brazil, in 1994, where she took part of the group which developed the first Brazilian parallel computer. She is in the Department of Computer Science of the Fluminense Federal University (UFF) since 1989, where she is now Full Professor. She currently acts in undergraduate and graduate program, advising a number of master and doctoral students. She is a Level 1 Researcher at CNPq (a Brazilian Research Agency), possessing more than 100 publications in journals and proceedings of national and international conferences. Her research interests are parallel and distributed computing, including theory and applications. She has been invited to give talks in Universit\u00e9 Paris-Sud, \u00c9cole de Mines, and Universit\u00e9 d\u2019Avignon et des Pays du Vaucluse, where she has also co-advised PhD students.<\/p>'); <\/script><script type=\"text\/javascript\"> toolTips('.classtoolTips2','<strong>Full Professor at the Institute of Computing of the Universidade Federal Fluminense (UFF)<\/strong><br\/><br\/><strong>Short Bio:<\/strong><br\/><br\/>He holds a bachelor\\'s degree in Computer Science and Electronics and a Ph.D. in Computer Science, both from the University of Edinburgh (UK). He is currently an Associate Professor IV at the Universidade Federal Fluminense. He has experience in the field of Computer Science, with an emphasis on parallel and distributed computing, working mainly on the following topics: grid and cloud computing; middleware and operation of cyberinfrastructures; autonomous applications; task scheduling; fault tolerance; portals for scientific applications and workflows; identity management, digital certification, and public key infrastructure (PKI); the internet of things and smart buildings; and cybersecurity.'); <\/script><script type=\"text\/javascript\"> toolTips('.classtoolTips3','<p data-sourcepos=\"3:1-3:93\"><strong>Full Professor at the Institute of Computing of the Universidade Federal Fluminense (UFF)<\/strong><\/p><br\/><p data-sourcepos=\"5:1-5:14\"><strong>Short Bio:<\/strong><\/p><br\/><p data-sourcepos=\"7:1-7:707\">She holds a bachelor\\'s degree in Mathematics (Informatics concentration) from the Universidade do Estado do Rio de Janeiro (1985), a master\\'s degree in Systems and Computer Engineering from the Universidade Federal do Rio de Janeiro (1990), and a Ph.D. in Computer Science from the University of Edinburgh (1996). She is currently an Associate Professor at the Institute of Computing of the Universidade Federal Fluminense. She has experience in the field of Computer Science, with an emphasis on Parallel and Distributed Processing, working mainly on the following topics: task scheduling, load balancing problems, performance modeling of parallel algorithms, and cluster, grid, and modern cloud computing.<\/p>'); <\/script>","protected":false},"excerpt":{"rendered":"<p>Computational Cost Optimization of High-Performance Bioinformatics Applications in Computer Clouds Coordinator: L\u00facia Maria de Assump\u00e7\u00e3o Drummond Applications of national strategic importance, such as those used in the Oil and Gas industry, meteorology and areas of biodiversity and health, depend on High Performance Computing (HPC) to provide accurate results quickly. Many current problems increasingly depend on &hellip; <\/p>\n<p class=\"link-more\"><a href=\"https:\/\/cloud.ic.uff.br\/index.php\/project-cnpq-universal\/\" class=\"more-link\">Continue reading<span class=\"screen-reader-text\"> &#8220;CNPq Universal&#8221;<\/span><\/a><\/p>\n","protected":false},"author":8,"featured_media":0,"parent":0,"menu_order":0,"comment_status":"closed","ping_status":"closed","template":"","meta":{"_editorskit_title_hidden":false,"_editorskit_reading_time":0,"_editorskit_is_block_options_detached":false,"_editorskit_block_options_position":"{}","_eb_attr":"","footnotes":""},"_links":{"self":[{"href":"https:\/\/cloud.ic.uff.br\/index.php\/wp-json\/wp\/v2\/pages\/1138"}],"collection":[{"href":"https:\/\/cloud.ic.uff.br\/index.php\/wp-json\/wp\/v2\/pages"}],"about":[{"href":"https:\/\/cloud.ic.uff.br\/index.php\/wp-json\/wp\/v2\/types\/page"}],"author":[{"embeddable":true,"href":"https:\/\/cloud.ic.uff.br\/index.php\/wp-json\/wp\/v2\/users\/8"}],"replies":[{"embeddable":true,"href":"https:\/\/cloud.ic.uff.br\/index.php\/wp-json\/wp\/v2\/comments?post=1138"}],"version-history":[{"count":3,"href":"https:\/\/cloud.ic.uff.br\/index.php\/wp-json\/wp\/v2\/pages\/1138\/revisions"}],"predecessor-version":[{"id":1145,"href":"https:\/\/cloud.ic.uff.br\/index.php\/wp-json\/wp\/v2\/pages\/1138\/revisions\/1145"}],"wp:attachment":[{"href":"https:\/\/cloud.ic.uff.br\/index.php\/wp-json\/wp\/v2\/media?parent=1138"}],"curies":[{"name":"wp","href":"https:\/\/api.w.org\/{rel}","templated":true}]}}