{"id":1146,"date":"2023-09-16T19:43:45","date_gmt":"2023-09-16T19:43:45","guid":{"rendered":"https:\/\/cloud.ic.uff.br\/?page_id=1146"},"modified":"2023-09-16T19:51:58","modified_gmt":"2023-09-16T19:51:58","slug":"projeto-faperj-cne","status":"publish","type":"page","link":"https:\/\/cloud.ic.uff.br\/index.php\/pt\/projeto-faperj-cne\/","title":{"rendered":"FAPERJ CNE"},"content":{"rendered":"\n<h5 class=\"wp-block-heading has-text-align-center\" style=\"font-size:24px;text-transform:none\"><strong>Utiliza\u00e7\u00e3o Eficiente de Nuvens Computacionais como Alternativa Econ\u00f4mica para Computa\u00e7\u00e3o de Alto Desempenho<\/strong><\/h5>\n\n\n\n<p>Coordenadora: <span class='tooltipsall tooltipsincontent classtoolTips0'>L\u00facia Maria de Assump\u00e7\u00e3o Drummond<\/span><\/p>\n\n\n\n<p class=\"has-text-align-justify\">Aplica\u00e7\u00f5es estrat\u00e9gicas para o pa\u00eds, como as da \u00e1rea de petr\u00f3leo, meteorologia e biologia, dependem de computa\u00e7\u00e3o de alto desempenho (High Performance Computing &#8211; HPC) para processar grandes quantidades de dados. Nuvens computacionais t\u00eam surgido como uma alternativa de baixo custo para HPC, oferecendo um conjunto de recursos virtualizados que podem ser rapidamente provisionados e dinamicamente escalon\u00e1veis. Por\u00e9m, ainda existem diversas barreiras para seu uso. Uma delas est\u00e1 em fazer uso eficiente e escal\u00e1vel dos recursos e da aloca\u00e7\u00e3o das m\u00e1quinas virtuais (MVs), o que produz impacto direto no desempenho e no custo financeiro. Al\u00e9m disso, as nuvens s\u00e3o propensas a falhas e para satisfazer os acordos de n\u00edvel de servi\u00e7o, a toler\u00e2ncia a falhas de MVs em nuvens \u00e9 uma grande preocupa\u00e7\u00e3o.<\/p>\n\n\n\n<p class=\"has-text-align-justify\">Um outro aspecto importante das nuvens no contexto de computa\u00e7\u00e3o de alto desempenho \u00e9 a oferta de Graphics Processing Units (GPUs) nesses ambientes. GPUs provaram ser uma plataforma poderosa e eficiente para acelerar uma grande classe de aplicativos com uso intensivo de computa\u00e7\u00e3o. Por esse motivo, muitos datacenters de larga escala s\u00e3o baseados em arquitetura heterog\u00eanea, que inclui CPUs e GPUs, para atender aos requisitos de alto desempenho e throughput de dados. Seguindo essa tend\u00eancia, as GPUs tamb\u00e9m est\u00e3o sendo usadas em nuvens computacionais. A explora\u00e7\u00e3o de GPUs nas nuvens, por meio da virtualiza\u00e7\u00e3o da GPU, permite que dispositivos f\u00edsicos sejam logicamente desacoplados de um n\u00f3 computacional e compartilhados por qualquer aplicativo, resultando em redu\u00e7\u00e3o de custos monet\u00e1rios, economia de energia e mais flexibilidade.<\/p>\n\n\n\n<p class=\"has-text-align-justify\">Nesse cen\u00e1rio, o compartilhamento eficiente de uma GPU por diferentes aplicativos \u00e9 um recurso indispens\u00e1vel. A fim de permitir melhor aproveitamento do uso das GPUs, \u00e9 necess\u00e1rio tratar a quest\u00e3o da concorr\u00eancia e escalonamento de kernels neste ambiente. Nesse contexto, este projeto trata das quest\u00f5es de ger\u00eancias de recursos, CPUs e GPUs.<\/p>\n\n\n\n<hr class=\"wp-block-separator has-alpha-channel-opacity is-style-dots\"\/>\n\n\n\n<h5 class=\"wp-block-heading has-text-align-center\" style=\"font-size:24px;text-transform:none\"><strong>Equipe<\/strong><\/h5>\n\n\n\n<figure class=\"wp-block-table\"><table><thead><tr><th><strong>Universidade Federal Fluminense<\/strong> (UFF)<\/th><\/tr><\/thead><tbody><tr><td><span class='tooltipsall tooltipsincontent classtoolTips0'>L\u00facia Maria de Assump\u00e7\u00e3o Drummond<\/span> &nbsp; <a href=\"http:\/\/orcid.org\/0000-0001-9939-1731\" class=\"ek-link\"><img decoding=\"async\" loading=\"lazy\" width=\"2048\" height=\"2048\" class=\"wp-image-687\" style=\"width: 16px;\" src=\"https:\/\/cloud.ic.uff.br\/wp-content\/uploads\/2023\/04\/ORCID_iD_Transparent.png\" alt=\"\" srcset=\"https:\/\/cloud.ic.uff.br\/wp-content\/uploads\/2023\/04\/ORCID_iD_Transparent.png 2048w, https:\/\/cloud.ic.uff.br\/wp-content\/uploads\/2023\/04\/ORCID_iD_Transparent-300x300.png 300w, https:\/\/cloud.ic.uff.br\/wp-content\/uploads\/2023\/04\/ORCID_iD_Transparent-1024x1024.png 1024w, https:\/\/cloud.ic.uff.br\/wp-content\/uploads\/2023\/04\/ORCID_iD_Transparent-150x150.png 150w, https:\/\/cloud.ic.uff.br\/wp-content\/uploads\/2023\/04\/ORCID_iD_Transparent-768x768.png 768w, https:\/\/cloud.ic.uff.br\/wp-content\/uploads\/2023\/04\/ORCID_iD_Transparent-1536x1536.png 1536w, https:\/\/cloud.ic.uff.br\/wp-content\/uploads\/2023\/04\/ORCID_iD_Transparent-100x100.png 100w\" sizes=\"(max-width: 767px) 89vw, (max-width: 1000px) 54vw, (max-width: 1071px) 543px, 580px\" \/><\/a> &nbsp; <a href=\"http:\/\/lattes.cnpq.br\/9314029648579658\" class=\"ek-link\"><img decoding=\"async\" loading=\"lazy\" width=\"288\" height=\"332\" class=\"wp-image-686\" style=\"width: 16px;\" src=\"https:\/\/cloud.ic.uff.br\/wp-content\/uploads\/2023\/04\/Lattes_Transparent.png\" alt=\"\" srcset=\"https:\/\/cloud.ic.uff.br\/wp-content\/uploads\/2023\/04\/Lattes_Transparent.png 288w, https:\/\/cloud.ic.uff.br\/wp-content\/uploads\/2023\/04\/Lattes_Transparent-260x300.png 260w\" sizes=\"(max-width: 288px) 100vw, 288px\" \/><\/a> &nbsp; <\/td><\/tr><\/tbody><\/table><\/figure>\n\n\n\n<hr class=\"wp-block-separator has-alpha-channel-opacity is-style-dots\"\/>\n\n\n\n<h5 class=\"wp-block-heading has-text-align-center\" style=\"font-size:24px;text-transform:none\"><strong>Publica\u00e7\u00f5es<\/strong><\/h5>\n<script type=\"text\/javascript\"> toolTips('.classtoolTips0','<img class=\"size-medium wp-image-960 aligncenter\" src=\"https:\/\/cloud.ic.uff.br\/wp-content\/uploads\/2023\/08\/Lucia_Drummond-300x240.png\" alt=\"\" width=\"300\" height=\"240\" \/><br\/><br\/>Full Professor at the Institute of Computing of the Universidade Federal Fluminense (UFF).<br\/><br\/>&nbsp;<br\/><p align=\"justify\">Short Bio: She obtained her D.Sc. in Systems Engineering and Computer Science from the Federal University of Rio de Janeiro, Brazil, in 1994, where she took part of the group which developed the first Brazilian parallel computer. She is in the Department of Computer Science of the Fluminense Federal University (UFF) since 1989, where she is now Full Professor. She currently acts in undergraduate and graduate program, advising a number of master and doctoral students. She is a Level 1 Researcher at CNPq (a Brazilian Research Agency), possessing more than 100 publications in journals and proceedings of national and international conferences. Her research interests are parallel and distributed computing, including theory and applications. She has been invited to give talks in Universit\u00e9 Paris-Sud, \u00c9cole de Mines, and Universit\u00e9 d\u2019Avignon et des Pays du Vaucluse, where she has also co-advised PhD students.<\/p>'); <\/script>","protected":false},"excerpt":{"rendered":"<p>Utiliza\u00e7\u00e3o Eficiente de Nuvens Computacionais como Alternativa Econ\u00f4mica para Computa\u00e7\u00e3o de Alto Desempenho Coordenadora: L\u00facia Maria de Assump\u00e7\u00e3o Drummond Aplica\u00e7\u00f5es estrat\u00e9gicas para o pa\u00eds, como as da \u00e1rea de petr\u00f3leo, meteorologia e biologia, dependem de computa\u00e7\u00e3o de alto desempenho (High Performance Computing &#8211; HPC) para processar grandes quantidades de dados. Nuvens computacionais t\u00eam surgido como &hellip; <\/p>\n<p class=\"link-more\"><a href=\"https:\/\/cloud.ic.uff.br\/index.php\/pt\/projeto-faperj-cne\/\" class=\"more-link\">Continue reading<span class=\"screen-reader-text\"> &#8220;FAPERJ CNE&#8221;<\/span><\/a><\/p>\n","protected":false},"author":8,"featured_media":0,"parent":0,"menu_order":0,"comment_status":"closed","ping_status":"closed","template":"","meta":{"_editorskit_title_hidden":false,"_editorskit_reading_time":0,"_editorskit_is_block_options_detached":false,"_editorskit_block_options_position":"{}","_eb_attr":"","footnotes":""},"_links":{"self":[{"href":"https:\/\/cloud.ic.uff.br\/index.php\/wp-json\/wp\/v2\/pages\/1146"}],"collection":[{"href":"https:\/\/cloud.ic.uff.br\/index.php\/wp-json\/wp\/v2\/pages"}],"about":[{"href":"https:\/\/cloud.ic.uff.br\/index.php\/wp-json\/wp\/v2\/types\/page"}],"author":[{"embeddable":true,"href":"https:\/\/cloud.ic.uff.br\/index.php\/wp-json\/wp\/v2\/users\/8"}],"replies":[{"embeddable":true,"href":"https:\/\/cloud.ic.uff.br\/index.php\/wp-json\/wp\/v2\/comments?post=1146"}],"version-history":[{"count":2,"href":"https:\/\/cloud.ic.uff.br\/index.php\/wp-json\/wp\/v2\/pages\/1146\/revisions"}],"predecessor-version":[{"id":1148,"href":"https:\/\/cloud.ic.uff.br\/index.php\/wp-json\/wp\/v2\/pages\/1146\/revisions\/1148"}],"wp:attachment":[{"href":"https:\/\/cloud.ic.uff.br\/index.php\/wp-json\/wp\/v2\/media?parent=1146"}],"curies":[{"name":"wp","href":"https:\/\/api.w.org\/{rel}","templated":true}]}}