{"id":1149,"date":"2023-09-16T19:50:12","date_gmt":"2023-09-16T19:50:12","guid":{"rendered":"https:\/\/cloud.ic.uff.br\/?page_id=1149"},"modified":"2023-09-16T19:50:13","modified_gmt":"2023-09-16T19:50:13","slug":"project-faperj-cne","status":"publish","type":"page","link":"https:\/\/cloud.ic.uff.br\/index.php\/project-faperj-cne\/","title":{"rendered":"FAPERJ CNE"},"content":{"rendered":"\n<h5 class=\"wp-block-heading has-text-align-center\" style=\"font-size:24px;text-transform:none\"><strong>Efficient Use of Computing Clouds as a Cost-Effective Alternative for High-Performance Computing<\/strong><\/h5>\n\n\n\n<p>Coordinator: <span class='tooltipsall tooltipsincontent classtoolTips0'>L\u00facia Maria de Assump\u00e7\u00e3o Drummond<\/span><\/p>\n\n\n\n<p class=\"has-text-align-justify\">Strategic applications for the country, such as those in the areas of oil, meteorology and biology, depend on high performance computing (High Performance Computing &#8211; HPC) to process large amounts of data. Computing clouds have emerged as a low-cost alternative to HPC, offering a set of virtualized resources that can be quickly provisioned and dynamically scalable. However, there are still several barriers to its use. One of them is to make efficient and scalable use of resources and the allocation of virtual machines (VMs), which has a direct impact on performance and financial cost. Furthermore, clouds are prone to failures and to satisfy service level agreements, fault tolerance of VMs in clouds is a major concern.<\/p>\n\n\n\n<p class=\"has-text-align-justify\">Another important aspect of clouds in the context of high-performance computing is the provision of Graphics Processing Units (GPUs) in these environments. GPUs have proven to be a powerful and efficient platform for accelerating a large class of compute-intensive applications. For this reason, many large-scale data centers are based on heterogeneous architecture, which includes CPUs and GPUs, to meet high performance and data throughput requirements. Following this trend, GPUs are also being used in computing clouds. Exploiting GPUs in clouds, through GPU virtualization, allows physical devices to be logically decoupled from a compute node and shared by any application, resulting in reduced monetary costs, energy savings, and greater flexibility.<\/p>\n\n\n\n<p class=\"has-text-align-justify\">In this scenario, efficient sharing of a GPU across different applications is an indispensable feature. In order to allow better use of GPUs, it is necessary to address the issue of concurrency and kernel scheduling in this environment. In this context, this project addresses issues of resource management, CPUs and GPUs.<\/p>\n\n\n\n<hr class=\"wp-block-separator has-alpha-channel-opacity is-style-dots\"\/>\n\n\n\n<h5 class=\"wp-block-heading has-text-align-center\" style=\"font-size:24px;text-transform:none\"><strong>Team<\/strong><\/h5>\n\n\n\n<figure class=\"wp-block-table\"><table><thead><tr><th><strong>Universidade Federal Fluminense<\/strong> (UFF)<\/th><\/tr><\/thead><tbody><tr><td><span class='tooltipsall tooltipsincontent classtoolTips0'>L\u00facia Maria de Assump\u00e7\u00e3o Drummond<\/span> &nbsp; <a href=\"http:\/\/orcid.org\/0000-0001-9939-1731\" class=\"ek-link\"><img decoding=\"async\" loading=\"lazy\" width=\"2048\" height=\"2048\" class=\"wp-image-687\" style=\"width: 16px;\" src=\"https:\/\/cloud.ic.uff.br\/wp-content\/uploads\/2023\/04\/ORCID_iD_Transparent.png\" alt=\"\" srcset=\"https:\/\/cloud.ic.uff.br\/wp-content\/uploads\/2023\/04\/ORCID_iD_Transparent.png 2048w, https:\/\/cloud.ic.uff.br\/wp-content\/uploads\/2023\/04\/ORCID_iD_Transparent-300x300.png 300w, https:\/\/cloud.ic.uff.br\/wp-content\/uploads\/2023\/04\/ORCID_iD_Transparent-1024x1024.png 1024w, https:\/\/cloud.ic.uff.br\/wp-content\/uploads\/2023\/04\/ORCID_iD_Transparent-150x150.png 150w, https:\/\/cloud.ic.uff.br\/wp-content\/uploads\/2023\/04\/ORCID_iD_Transparent-768x768.png 768w, https:\/\/cloud.ic.uff.br\/wp-content\/uploads\/2023\/04\/ORCID_iD_Transparent-1536x1536.png 1536w, https:\/\/cloud.ic.uff.br\/wp-content\/uploads\/2023\/04\/ORCID_iD_Transparent-100x100.png 100w\" sizes=\"(max-width: 767px) 89vw, (max-width: 1000px) 54vw, (max-width: 1071px) 543px, 580px\" \/><\/a> &nbsp; <a href=\"http:\/\/lattes.cnpq.br\/9314029648579658\" class=\"ek-link\"><img decoding=\"async\" loading=\"lazy\" width=\"288\" height=\"332\" class=\"wp-image-686\" style=\"width: 16px;\" src=\"https:\/\/cloud.ic.uff.br\/wp-content\/uploads\/2023\/04\/Lattes_Transparent.png\" alt=\"\" srcset=\"https:\/\/cloud.ic.uff.br\/wp-content\/uploads\/2023\/04\/Lattes_Transparent.png 288w, https:\/\/cloud.ic.uff.br\/wp-content\/uploads\/2023\/04\/Lattes_Transparent-260x300.png 260w\" sizes=\"(max-width: 288px) 100vw, 288px\" \/><\/a> &nbsp; <\/td><\/tr><\/tbody><\/table><\/figure>\n\n\n\n<hr class=\"wp-block-separator has-alpha-channel-opacity is-style-dots\"\/>\n\n\n\n<h5 class=\"wp-block-heading has-text-align-center\" style=\"font-size:24px;text-transform:none\"><strong>Publications<\/strong><\/h5>\n<script type=\"text\/javascript\"> toolTips('.classtoolTips0','<img class=\"size-medium wp-image-960 aligncenter\" src=\"https:\/\/cloud.ic.uff.br\/wp-content\/uploads\/2023\/08\/Lucia_Drummond-300x240.png\" alt=\"\" width=\"300\" height=\"240\" \/><br\/><br\/>Full Professor at the Institute of Computing of the Universidade Federal Fluminense (UFF).<br\/><br\/>&nbsp;<br\/><p align=\"justify\">Short Bio: She obtained her D.Sc. in Systems Engineering and Computer Science from the Federal University of Rio de Janeiro, Brazil, in 1994, where she took part of the group which developed the first Brazilian parallel computer. She is in the Department of Computer Science of the Fluminense Federal University (UFF) since 1989, where she is now Full Professor. She currently acts in undergraduate and graduate program, advising a number of master and doctoral students. She is a Level 1 Researcher at CNPq (a Brazilian Research Agency), possessing more than 100 publications in journals and proceedings of national and international conferences. Her research interests are parallel and distributed computing, including theory and applications. She has been invited to give talks in Universit\u00e9 Paris-Sud, \u00c9cole de Mines, and Universit\u00e9 d\u2019Avignon et des Pays du Vaucluse, where she has also co-advised PhD students.<\/p>'); <\/script>","protected":false},"excerpt":{"rendered":"<p>Efficient Use of Computing Clouds as a Cost-Effective Alternative for High-Performance Computing Coordinator: L\u00facia Maria de Assump\u00e7\u00e3o Drummond Strategic applications for the country, such as those in the areas of oil, meteorology and biology, depend on high performance computing (High Performance Computing &#8211; HPC) to process large amounts of data. Computing clouds have emerged as &hellip; <\/p>\n<p class=\"link-more\"><a href=\"https:\/\/cloud.ic.uff.br\/index.php\/project-faperj-cne\/\" class=\"more-link\">Continue reading<span class=\"screen-reader-text\"> &#8220;FAPERJ CNE&#8221;<\/span><\/a><\/p>\n","protected":false},"author":8,"featured_media":0,"parent":0,"menu_order":0,"comment_status":"closed","ping_status":"closed","template":"","meta":{"_editorskit_title_hidden":false,"_editorskit_reading_time":0,"_editorskit_is_block_options_detached":false,"_editorskit_block_options_position":"{}","_eb_attr":"","footnotes":""},"_links":{"self":[{"href":"https:\/\/cloud.ic.uff.br\/index.php\/wp-json\/wp\/v2\/pages\/1149"}],"collection":[{"href":"https:\/\/cloud.ic.uff.br\/index.php\/wp-json\/wp\/v2\/pages"}],"about":[{"href":"https:\/\/cloud.ic.uff.br\/index.php\/wp-json\/wp\/v2\/types\/page"}],"author":[{"embeddable":true,"href":"https:\/\/cloud.ic.uff.br\/index.php\/wp-json\/wp\/v2\/users\/8"}],"replies":[{"embeddable":true,"href":"https:\/\/cloud.ic.uff.br\/index.php\/wp-json\/wp\/v2\/comments?post=1149"}],"version-history":[{"count":2,"href":"https:\/\/cloud.ic.uff.br\/index.php\/wp-json\/wp\/v2\/pages\/1149\/revisions"}],"predecessor-version":[{"id":1151,"href":"https:\/\/cloud.ic.uff.br\/index.php\/wp-json\/wp\/v2\/pages\/1149\/revisions\/1151"}],"wp:attachment":[{"href":"https:\/\/cloud.ic.uff.br\/index.php\/wp-json\/wp\/v2\/media?parent=1149"}],"curies":[{"name":"wp","href":"https:\/\/api.w.org\/{rel}","templated":true}]}}