{"id":218,"date":"2020-04-16T15:45:36","date_gmt":"2020-04-16T15:45:36","guid":{"rendered":"http:\/\/cloud.ic.uff.br\/?page_id=218"},"modified":"2023-08-15T23:54:28","modified_gmt":"2023-08-15T23:54:28","slug":"minicurso-introducao-a-arquitetura-e-programacao-de-gpus-nvidia","status":"publish","type":"page","link":"https:\/\/cloud.ic.uff.br\/index.php\/pt\/minicurso-introducao-a-arquitetura-e-programacao-de-gpus-nvidia\/","title":{"rendered":"Introdu\u00e7\u00e3o \u00e0 Arquitetura e Programa\u00e7\u00e3o de GPUs NVIDIA"},"content":{"rendered":"\n<p>Apresentado por: <span class='tooltipsall tooltipsincontent classtoolTips4'>Cristiana Bentes<\/span><\/p>\n\n\n\n<h2 class=\"wp-block-heading has-text-align-center\">Parte 1 de 3 (09\/04\/2020)<\/h2>\n\n\n\n<p class=\"has-text-align-center\"><iframe loading=\"lazy\" src=\"https:\/\/drive.google.com\/file\/d\/1gmaed23Xi8tetFy2kKh4VYVQp6e-cLTB\/preview\" width=\"640\" height=\"480\"><\/iframe><\/p>\n\n\n\n<h2 class=\"wp-block-heading has-text-align-center\">Parte 2 de 3 (09\/04\/2020)<\/h2>\n\n\n\n<p class=\"has-text-align-center\"><iframe loading=\"lazy\" src=\"https:\/\/drive.google.com\/file\/d\/1EImJA_U8WywouKCnheU41Xj8QtKP7d7K\/preview\" width=\"640\" height=\"480\"><\/iframe><\/p>\n\n\n\n<h2 class=\"wp-block-heading has-text-align-center\">Parte 3 de 3 (16\/04\/2020)<\/h2>\n\n\n\n<p class=\"has-text-align-center\"><iframe loading=\"lazy\" src=\"https:\/\/drive.google.com\/file\/d\/1qoK-37VeNMmFTCw-N7NUWg86WOi2Ys3f\/preview\" width=\"640\" height=\"480\"><\/iframe><\/p>\n<script type=\"text\/javascript\"> toolTips('.classtoolTips4','Adjunct Professor at the Universidade do Estado do Rio de Janeiro.<br\/><br\/>&nbsp;<br\/><p align=\"justify\">Short Bio: She holds a Ph.D. in Systems and Computing Engineering from COPPE - Universidade Federal do Rio de Janeiro (1998). Nowadays, she is an adjunct professor at the Universidade do Estado do Rio de Janeiro. She has experience in \u200b\u200bComputer Science, with an emphasis on the Architecture of Computing Systems, acting on the following topics: high-performance computing, parallel processing, and high-performance volumetric visualization.<\/p>'); <\/script>","protected":false},"excerpt":{"rendered":"<p>Apresentado por: Cristiana Bentes Parte 1 de 3 (09\/04\/2020) Parte 2 de 3 (09\/04\/2020) Parte 3 de 3 (16\/04\/2020)<\/p>\n","protected":false},"author":9,"featured_media":0,"parent":0,"menu_order":0,"comment_status":"closed","ping_status":"closed","template":"","meta":{"_editorskit_title_hidden":false,"_editorskit_reading_time":0,"_editorskit_is_block_options_detached":false,"_editorskit_block_options_position":"{}","_eb_attr":"","footnotes":""},"_links":{"self":[{"href":"https:\/\/cloud.ic.uff.br\/index.php\/wp-json\/wp\/v2\/pages\/218"}],"collection":[{"href":"https:\/\/cloud.ic.uff.br\/index.php\/wp-json\/wp\/v2\/pages"}],"about":[{"href":"https:\/\/cloud.ic.uff.br\/index.php\/wp-json\/wp\/v2\/types\/page"}],"author":[{"embeddable":true,"href":"https:\/\/cloud.ic.uff.br\/index.php\/wp-json\/wp\/v2\/users\/9"}],"replies":[{"embeddable":true,"href":"https:\/\/cloud.ic.uff.br\/index.php\/wp-json\/wp\/v2\/comments?post=218"}],"version-history":[{"count":17,"href":"https:\/\/cloud.ic.uff.br\/index.php\/wp-json\/wp\/v2\/pages\/218\/revisions"}],"predecessor-version":[{"id":1007,"href":"https:\/\/cloud.ic.uff.br\/index.php\/wp-json\/wp\/v2\/pages\/218\/revisions\/1007"}],"wp:attachment":[{"href":"https:\/\/cloud.ic.uff.br\/index.php\/wp-json\/wp\/v2\/media?parent=218"}],"curies":[{"name":"wp","href":"https:\/\/api.w.org\/{rel}","templated":true}]}}