{"id":287,"date":"2020-07-29T13:53:51","date_gmt":"2020-07-29T13:53:51","guid":{"rendered":"http:\/\/cloud.ic.uff.br\/?page_id=287"},"modified":"2023-08-17T10:39:40","modified_gmt":"2023-08-17T10:39:40","slug":"1-wcloud-hpc","status":"publish","type":"page","link":"https:\/\/cloud.ic.uff.br\/index.php\/pt\/1-wcloud-hpc\/","title":{"rendered":"1\u00ba WCloud-HPC (Online)"},"content":{"rendered":"\n<figure class=\"wp-block-image size-full is-style-default\"><img decoding=\"async\" loading=\"lazy\" width=\"1016\" height=\"328\" src=\"https:\/\/cloud.ic.uff.br\/wp-content\/uploads\/2020\/07\/Header.png\" alt=\"\" class=\"wp-image-308\" srcset=\"https:\/\/cloud.ic.uff.br\/wp-content\/uploads\/2020\/07\/Header.png 1016w, https:\/\/cloud.ic.uff.br\/wp-content\/uploads\/2020\/07\/Header-300x97.png 300w, https:\/\/cloud.ic.uff.br\/wp-content\/uploads\/2020\/07\/Header-768x248.png 768w\" sizes=\"(max-width: 767px) 89vw, (max-width: 1000px) 54vw, (max-width: 1071px) 543px, 580px\" \/><\/figure>\n\n\n\n<p>Venha participar do nosso 1\u00ba Workshop Virtual de Cloud e HPC (WCloud-HPC)!<\/p>\n\n\n\n<p>O evento seguir\u00e1 o hor\u00e1rio de Bras\u00edlia (GMT -3) e contar\u00e1 com as seguintes atividades:<\/p>\n\n\n\n<h2 class=\"wp-block-heading has-text-align-center\">Cronograma de atividades para o primeiro dia (31\/08\/2020)<\/h2>\n\n\n\n<figure class=\"wp-block-table caption-align-center\"><table><thead><tr><th class=\"has-text-align-center\" data-align=\"center\">Hor\u00e1rio<\/th><th>Atividade<\/th><\/tr><\/thead><tbody><tr><td class=\"has-text-align-center\" data-align=\"center\">13:00<\/td><td>Abertura<\/td><\/tr><tr><td class=\"has-text-align-center\" data-align=\"center\">13:10<\/td><td><em><details><summary>Palestra: Flex (<span class='tooltipsall tooltipsincontent classtoolTips13'>Walfredo Cirne<\/span>)<\/summary><p><\/p><\/details><\/em>Dispon\u00edvel em:&nbsp;&nbsp;<a href=\"https:\/\/youtu.be\/beXfpml_gXM\" class=\"ek-link\">https:\/\/youtu.be\/beXfpml_gXM<\/a><\/td><\/tr><tr><td class=\"has-text-align-center\" data-align=\"center\">14:00<\/td><td>Coffee Break<\/td><\/tr><tr><td class=\"has-text-align-center\" data-align=\"center\">14:30<\/td><td>Sess\u00e3o de Apresenta\u00e7\u00e3o de Trabalhos de P\u00f3s-Gradua\u00e7\u00e3o<br><br>&#8211; <em>Concurrency and Interference Analysis of Kernels on GPUs<\/em> (Pablo Carvalho)<br>&#8211; <em>Alinhamento M\u00faltiplo de Sequ\u00eancias Gen\u00e9ticas<\/em> (Mario Jo\u00e3o Junior)<br>&#8211; <em>Gerenciando Elasticidade de Mem\u00f3ria em Cont\u00eaineres<\/em> (Carlos Henrique Nicodemus)<br>&#8211; <em>Developing Checkpointing and Recovery Procedures with the Storage Services of Amazon Web Services<\/em> (<span class='tooltipsall tooltipsincontent classtoolTips5'>Luan Teylo<\/span>)<br>&#8211; <em>Uma matheuristic POPMUSIC para o problema de roteamento de ve\u00edculos capacitado<\/em> (Eduardo Queiroga)<br>&#8211; <em>Checkpoint Distribuido para Aplica\u00e7\u00f5es MPI<\/em> (<span class='tooltipsall tooltipsincontent classtoolTips10'>Alan L. Nunes<\/span>)<\/td><\/tr><tr><td class=\"has-text-align-center\" data-align=\"center\">16:00<\/td><td>Coffee Break<\/td><\/tr><tr><td class=\"has-text-align-center\" data-align=\"center\">16:15<\/td><td>Sess\u00e3o de Apresenta\u00e7\u00e3o de Trabalhos de Inicia\u00e7\u00e3o Cient\u00edfica<br><br>&#8211; <em>Gerenciamento de Ambientes com Docker Containers<\/em> (Daniel Sodr\u00e9 e Jos\u00e9 Victor da Silva)<br>&#8211; <em>Avalia\u00e7\u00e3o de Desempenho de Grava\u00e7\u00e3o Concorrente de Checkpoints na Amazon<\/em> (Gustavo Azevedo e Alan Cavalcante)<br>&#8211; <em>Gerenciamento de Recursos Virtuais Explorando Elasticidade<\/em> (Gustavo Muller e Andr\u00e9 Gon\u00e7alves)<\/td><\/tr><\/tbody><\/table><\/figure>\n\n\n\n<hr class=\"wp-block-separator has-alpha-channel-opacity is-style-dots\"\/>\n\n\n\n<h2 class=\"wp-block-heading has-text-align-center\">Cronograma de atividades para o segundo dia (01\/09\/2020)<\/h2>\n\n\n\n<figure class=\"wp-block-table caption-align-center\"><table><thead><tr><th class=\"has-text-align-center\" data-align=\"center\">Hor\u00e1rio<\/th><th>Atividade<\/th><\/tr><\/thead><tbody><tr><td class=\"has-text-align-center\" data-align=\"center\">14:00<\/td><td><em><details><summary>Palestra: Focus on Parallel Combinatorial Optimization (<span class='tooltipsall tooltipsincontent classtoolTips12'>Claude Tadonki<\/span>)<\/summary><br><p align=\"justify\">Abstract: HPC has made great steps and its potential is continuously impacting. The next exciting horizon is the Exascale milestone. In this perspective, it is worth investigating how challenging applications like those coming from combinatorial optimization will benefit from this significant computing power available on supercomputers. The reference branch-and-bound technique for instance needs a special focus at a macroscopic level. Then, as its main ingredient at a node level is how we solve the kernel problem, an efficient shared memory parallelization is worth considering. Multicore has emerged as a typical architecture model since its advent, and it now stands as a standard. The trend is to increase the number of cores and improve memory system performance. Providing an efficient multicore implementation for an important algorithmic kernel is a genuine contribution. From a methodology standpoint, this should be done at the level of the underlying paradigm if any. We study the cases of dynamic programming and greedy algorithms, which are two major combinatorial algorithmic paradigms. We exclusively consider directives-based loop parallelization through OpenMP and investigate necessary transformations to reach a regular parallel form. We evaluate our methodology with a selection of well-known combinatorial optimization problems on an INTEL Broadwell processor. Key points for scalability are discussed before and after experimental results, the NUMA case being our next focus.<\/p><\/details><\/em>Dispon\u00edvel em: <a href=\"https:\/\/youtu.be\/af3vIxV9wuc\" class=\"ek-link\">https:\/\/youtu.be\/af3vIxV9wuc<\/a><\/td><\/tr><tr><td class=\"has-text-align-center\" data-align=\"center\">14:50<\/td><td>Coffee Break<\/td><\/tr><tr><td class=\"has-text-align-center\" data-align=\"center\">15:00<\/td><td>Sess\u00e3o de Apresenta\u00e7\u00e3o de Trabalhos de P\u00f3s-Gradua\u00e7\u00e3o<br><br>&#8211; <em>Using Machine Learning Techniques to Classify the Interference of HPC applications in Virtual Machines with Uncertain Data<\/em> (<span class='tooltipsall tooltipsincontent classtoolTips6'>Rafaela Brum<\/span>)<br>&#8211; <em>Um Arcabou\u00e7o em Nuvem para Experimenta\u00e7\u00e3o de Aplica\u00e7\u00f5es Ub\u00edquas<\/em> (Heder Dornelles)<br>&#8211; <em>Descoberta de Servi\u00e7os em IOT<\/em> (Bruno Marques)<br>&#8211; <em>Efficient Execution of Scientific Workflows in the Cloud through Adaptive Caching<\/em> (Gaetan Heidsieck, apresentado por Daniel de Oliveira)<br>&#8211; <em>Escalonamento de Workflows em Nuvens com Restri\u00e7\u00f5es de Privacidade<\/em> (Rodrigo Alves Prado da Silva)<\/td><\/tr><tr><td class=\"has-text-align-center\" data-align=\"center\">16:30<\/td><td>Coffee Break<\/td><\/tr><tr><td class=\"has-text-align-center\" data-align=\"center\">16:45<\/td><td><details><summary>Hands-on em Ambientes Virtuais (Daniel Sodr\u00e9, Jos\u00e9 Victor da Silva, Gustavo Muller e Andr\u00e9 Gon\u00e7alves)<\/summary><br><p align=\"justify\">Resumo: O Hands-on mostrar\u00e1 conceitos e passos principais para a cria\u00e7\u00e3o e manipula\u00e7\u00e3o de ambientes virtuais com cont\u00eaineres, atrav\u00e9s de Docker Containers e M\u00e1quinas Virtuais, tais como KVM e WSL2.<\/p><\/details>Dispon\u00edvel em: <a href=\"https:\/\/youtu.be\/RVJrlT6lGF0\" class=\"ek-link\">https:\/\/youtu.be\/RVJrlT6lGF0<\/a><br>Material: <a href=\"https:\/\/bit.ly\/2EWW3Ku\" class=\"ek-link\">https:\/\/bit.ly\/2EWW3Ku<\/a><\/td><\/tr><\/tbody><\/table><\/figure>\n<script type=\"text\/javascript\"> toolTips('.classtoolTips5','Postdoctoral Fellow in the TADaaM team at Inria Bordeaux - Sud-Ouest.<br\/><br\/>&nbsp;<br\/><p align=\"justify\">Short Bio: He holds a degree in Computer Science (2015) from the Universidade Federal do Mato Grosso. In 2017 he obtained a Master\\'s degree in Computing from the Universidade Federal Fluminense. In 2019 he was awarded a six-month sandwich PhD scholarship at the Sorbonne Universit\u00e9 by CAPES Print. In 2021 he obtained the title of Doctor in Computing from the Universidade Federal Fluminense. Nowadays, he is a postdoctoral fellow in the TADaaM team at Inria Bordeaux - Sud-Ouest. His research interests include distributed computing, metaheuristics, distributed systems, storage, and high-performance application scaling.<\/p>'); <\/script><script type=\"text\/javascript\"> toolTips('.classtoolTips6','Ph.D. Student in Computer Science at the Institute of Computing of the Universidade Federal Fluminense (UFF).<br\/><br\/>&nbsp;<br\/><p align=\"justify\">Short Bio: She holds a degree in Computer Science (2017) from the Universidade do Estado do Rio de Janeiro. In 2019 she obtained a Master\\'s degree in Computational Sciences from the Universidade do Estado do Rio de Janeiro. Nowadays, she is a substitute professor at the Universidade Federal do Rio de Janeiro.<\/p>'); <\/script><script type=\"text\/javascript\"> toolTips('.classtoolTips10','<a href=\"https:\/\/cloud.ic.uff.br\/alan_lira_nunes\/\"><img class=\"size-medium wp-image-1204 aligncenter\" src=\"https:\/\/cloud.ic.uff.br\/wp-content\/uploads\/2025\/06\/Alan_Lira_Nunes-229x300.png\" alt=\"\" width=\"229\" height=\"300\" \/><\/a><br\/><br\/><span class='tooltipsall tooltipsincontent classtoolTips10'>Alan L. Nunes<\/span> is a Ph.D. candidate at the Fluminense Federal University in Niter\u00f3i, Rio de Janeiro, 24210-346, Brazil, and at the University of Bordeaux in Talence, Bordeaux, 33000, France.<br\/><p align=\"justify\">Short Bio: Alan received his Master\u2019s degree in Computing from Fluminense Federal University in 2022. His research interests include High-Performance Computing, Distributed Systems, and Federated Learning. Contact him at alan_lira at id.uff.br.<\/p>'); <\/script><script type=\"text\/javascript\"> toolTips('.classtoolTips12','<img class=\"size-full wp-image-951 aligncenter\" src=\"https:\/\/cloud.ic.uff.br\/wp-content\/uploads\/2023\/08\/Claude_Tadonki.jpg\" alt=\"\" width=\"200\" height=\"216\" \/><br\/><br\/>Senior Researcher in Computer Science at the MINES ParisTech \u2013 PSL \u2013 Centre de Recherche en Informatique (CRI) HPC \u2013 OR \u2013 OPT.<br\/><br\/>&nbsp;<br\/><p align=\"justify\">Short Bio: He is a senior researcher and lecturer at the MINES ParisTech \u2013 PSL (Paris\/France) since 2011. He holds a PhD and an HDR in computer science from University of Rennes and from Paris-Sud University respectively. After six years of cutting-edge research in operational research and theoretical computer science at the University of Geneva, he relocated to France to work for EMBL, University of Paris-Sud, LAL-CNRS and then MINES ParisTech. His main research topics included High Performance Computing, Parallel Computing, Operational Research, Matrix Computation, Combinatorial Algorithm and Complexity, Mathematical Programming, Scientific and Technical Programming, Automatic Code Transformations. He has worked at several laboratories and universities, he has initiated various scientific projects and national\/international collaborations, and he has given significant number of CS courses in different contexts including industries. He is an active member of well-established scientific corporations and reviewer of high-impact international journals and top-rank conferences. He has published numerous papers in journals and international conferences. He is very active in international collaborations and has co-organized several HPC conferences and forums.<\/p>'); <\/script><script type=\"text\/javascript\"> toolTips('.classtoolTips13','Software Engineer at Google \u2013 Palo Alto, California.'); <\/script>","protected":false},"excerpt":{"rendered":"<p>Venha participar do nosso 1\u00ba Workshop Virtual de Cloud e HPC (WCloud-HPC)! O evento seguir\u00e1 o hor\u00e1rio de Bras\u00edlia (GMT -3) e contar\u00e1 com as seguintes atividades: Cronograma de atividades para o primeiro dia (31\/08\/2020) Hor\u00e1rio Atividade 13:00 Abertura 13:10 Palestra: Flex (Walfredo Cirne) Dispon\u00edvel em:&nbsp;&nbsp;https:\/\/youtu.be\/beXfpml_gXM 14:00 Coffee Break 14:30 Sess\u00e3o de Apresenta\u00e7\u00e3o de Trabalhos &hellip; <\/p>\n<p class=\"link-more\"><a href=\"https:\/\/cloud.ic.uff.br\/index.php\/pt\/1-wcloud-hpc\/\" class=\"more-link\">Continue reading<span class=\"screen-reader-text\"> &#8220;1\u00ba WCloud-HPC (Online)&#8221;<\/span><\/a><\/p>\n","protected":false},"author":8,"featured_media":0,"parent":0,"menu_order":0,"comment_status":"closed","ping_status":"closed","template":"","meta":{"_editorskit_title_hidden":false,"_editorskit_reading_time":0,"_editorskit_is_block_options_detached":false,"_editorskit_block_options_position":"{}","_eb_attr":"","footnotes":""},"_links":{"self":[{"href":"https:\/\/cloud.ic.uff.br\/index.php\/wp-json\/wp\/v2\/pages\/287"}],"collection":[{"href":"https:\/\/cloud.ic.uff.br\/index.php\/wp-json\/wp\/v2\/pages"}],"about":[{"href":"https:\/\/cloud.ic.uff.br\/index.php\/wp-json\/wp\/v2\/types\/page"}],"author":[{"embeddable":true,"href":"https:\/\/cloud.ic.uff.br\/index.php\/wp-json\/wp\/v2\/users\/8"}],"replies":[{"embeddable":true,"href":"https:\/\/cloud.ic.uff.br\/index.php\/wp-json\/wp\/v2\/comments?post=287"}],"version-history":[{"count":40,"href":"https:\/\/cloud.ic.uff.br\/index.php\/wp-json\/wp\/v2\/pages\/287\/revisions"}],"predecessor-version":[{"id":1044,"href":"https:\/\/cloud.ic.uff.br\/index.php\/wp-json\/wp\/v2\/pages\/287\/revisions\/1044"}],"wp:attachment":[{"href":"https:\/\/cloud.ic.uff.br\/index.php\/wp-json\/wp\/v2\/media?parent=287"}],"curies":[{"name":"wp","href":"https:\/\/api.w.org\/{rel}","templated":true}]}}