{"id":34,"date":"2020-02-10T11:28:19","date_gmt":"2020-02-10T11:28:19","guid":{"rendered":"http:\/\/cloud.ic.uff.br\/?page_id=34"},"modified":"2023-08-14T02:43:09","modified_gmt":"2023-08-14T02:43:09","slug":"principal","status":"publish","type":"page","link":"https:\/\/cloud.ic.uff.br\/index.php\/pt\/principal\/","title":{"rendered":"C+HPC Laboratory"},"content":{"rendered":"\n<p class=\"has-text-align-justify\">Aplica\u00e7\u00f5es estrat\u00e9gicas para o pa\u00eds, a t\u00edtulo de exemplo, da ind\u00fastria de petr\u00f3leo e g\u00e1s, da meteorologia e da bioinform\u00e1tica, demandam computa\u00e7\u00e3o de alto desempenho (<em>High-Performance Computing<\/em> \u2013 HPC) para o processamento intensivo de grandes volumes de dados.<\/p>\n\n\n\n<p class=\"has-text-align-justify\">As nuvens computacionais (<em>Cloud Computing<\/em>) t\u00eam sido amplamente utilizadas como uma excelente alternativa de baixo custo para HPC e oferecem um vasto conjunto de recursos virtualizados que podem ser rapidamente provisionados e dinamicamente escalonados.<\/p>\n\n\n\n<p class=\"has-text-align-justify\">Desenvolvemos no <em>Laborat\u00f3rio C+HPC<\/em> da <em>Universidade Federal Fluminense<\/em> (UFF) pesquisas cient\u00edficas direcionadas \u00e0 aloca\u00e7\u00e3o e ger\u00eancia de recursos em nuvens computacionais para a execu\u00e7\u00e3o eficiente de aplica\u00e7\u00f5es HPC, visando a redu\u00e7\u00e3o dos custos monet\u00e1rios associados. Deste modo, buscamos superar os desafios impostos na utiliza\u00e7\u00e3o deste paradigma computacional, tais como a minimiza\u00e7\u00e3o do tempo e do consumo energ\u00e9tico associados \u00e0 execu\u00e7\u00e3o de aplica\u00e7\u00f5es, a implementa\u00e7\u00e3o de t\u00e9cnicas de toler\u00e2ncia a falhas que garantam o t\u00e9rmino das execu\u00e7\u00f5es e a observ\u00e2ncia de acordos de n\u00edvel de servi\u00e7o existentes.<\/p>\n","protected":false},"excerpt":{"rendered":"<p>Aplica\u00e7\u00f5es estrat\u00e9gicas para o pa\u00eds, a t\u00edtulo de exemplo, da ind\u00fastria de petr\u00f3leo e g\u00e1s, da meteorologia e da bioinform\u00e1tica, demandam computa\u00e7\u00e3o de alto desempenho (High-Performance Computing \u2013 HPC) para o processamento intensivo de grandes volumes de dados. As nuvens computacionais (Cloud Computing) t\u00eam sido amplamente utilizadas como uma excelente alternativa de baixo custo para &hellip; <\/p>\n<p class=\"link-more\"><a href=\"https:\/\/cloud.ic.uff.br\/index.php\/pt\/principal\/\" class=\"more-link\">Continue reading<span class=\"screen-reader-text\"> &#8220;C+HPC Laboratory&#8221;<\/span><\/a><\/p>\n","protected":false},"author":6,"featured_media":0,"parent":0,"menu_order":0,"comment_status":"closed","ping_status":"closed","template":"","meta":{"_editorskit_title_hidden":false,"_editorskit_reading_time":0,"_editorskit_is_block_options_detached":false,"_editorskit_block_options_position":"{}","_eb_attr":"","footnotes":""},"_links":{"self":[{"href":"https:\/\/cloud.ic.uff.br\/index.php\/wp-json\/wp\/v2\/pages\/34"}],"collection":[{"href":"https:\/\/cloud.ic.uff.br\/index.php\/wp-json\/wp\/v2\/pages"}],"about":[{"href":"https:\/\/cloud.ic.uff.br\/index.php\/wp-json\/wp\/v2\/types\/page"}],"author":[{"embeddable":true,"href":"https:\/\/cloud.ic.uff.br\/index.php\/wp-json\/wp\/v2\/users\/6"}],"replies":[{"embeddable":true,"href":"https:\/\/cloud.ic.uff.br\/index.php\/wp-json\/wp\/v2\/comments?post=34"}],"version-history":[{"count":10,"href":"https:\/\/cloud.ic.uff.br\/index.php\/wp-json\/wp\/v2\/pages\/34\/revisions"}],"predecessor-version":[{"id":948,"href":"https:\/\/cloud.ic.uff.br\/index.php\/wp-json\/wp\/v2\/pages\/34\/revisions\/948"}],"wp:attachment":[{"href":"https:\/\/cloud.ic.uff.br\/index.php\/wp-json\/wp\/v2\/media?parent=34"}],"curies":[{"name":"wp","href":"https:\/\/api.w.org\/{rel}","templated":true}]}}