{"id":8,"date":"2020-02-10T10:53:30","date_gmt":"2020-02-10T10:53:30","guid":{"rendered":"http:\/\/cloud.ic.uff.br\/?page_id=8"},"modified":"2025-07-24T14:33:00","modified_gmt":"2025-07-24T14:33:00","slug":"team","status":"publish","type":"page","link":"https:\/\/cloud.ic.uff.br\/index.php\/team\/","title":{"rendered":"Team"},"content":{"rendered":"\n<h5 class=\"wp-block-heading has-text-align-center\" style=\"font-size:24px;text-transform:none\"><strong>Universidade Federal Fluminense<\/strong><\/h5>\n\n\n\n<figure class=\"wp-block-table is-style-regular\" style=\"font-size:16px\"><table><tbody><tr><td class=\"has-text-align-center\" data-align=\"center\"><span class='tooltipsall tooltipsincontent classtoolTips0'>L\u00facia Maria de Assump\u00e7\u00e3o Drummond<\/span><\/td><td class=\"has-text-align-center\" data-align=\"center\"><a href=\"http:\/\/orcid.org\/0000-0001-9939-1731\" type=\"URL\" id=\"orcid.org\/0000-0001-9939-1731\" class=\"ek-link\"><img decoding=\"async\" loading=\"lazy\" width=\"2048\" height=\"2048\" class=\"wp-image-687\" style=\"width: 32px;\" src=\"https:\/\/cloud.ic.uff.br\/wp-content\/uploads\/2023\/04\/ORCID_iD_Transparent.png\" alt=\"\" srcset=\"https:\/\/cloud.ic.uff.br\/wp-content\/uploads\/2023\/04\/ORCID_iD_Transparent.png 2048w, https:\/\/cloud.ic.uff.br\/wp-content\/uploads\/2023\/04\/ORCID_iD_Transparent-300x300.png 300w, https:\/\/cloud.ic.uff.br\/wp-content\/uploads\/2023\/04\/ORCID_iD_Transparent-1024x1024.png 1024w, https:\/\/cloud.ic.uff.br\/wp-content\/uploads\/2023\/04\/ORCID_iD_Transparent-150x150.png 150w, https:\/\/cloud.ic.uff.br\/wp-content\/uploads\/2023\/04\/ORCID_iD_Transparent-768x768.png 768w, https:\/\/cloud.ic.uff.br\/wp-content\/uploads\/2023\/04\/ORCID_iD_Transparent-1536x1536.png 1536w, https:\/\/cloud.ic.uff.br\/wp-content\/uploads\/2023\/04\/ORCID_iD_Transparent-100x100.png 100w\" sizes=\"(max-width: 767px) 89vw, (max-width: 1000px) 54vw, (max-width: 1071px) 543px, 580px\" \/><\/a><\/td><td class=\"has-text-align-center\" data-align=\"center\"><a href=\"http:\/\/lattes.cnpq.br\/9314029648579658\" type=\"URL\" id=\"http:\/\/lattes.cnpq.br\/9314029648579658\" class=\"ek-link\"><img decoding=\"async\" loading=\"lazy\" width=\"288\" height=\"332\" class=\"wp-image-686\" style=\"width: 32px;\" src=\"https:\/\/cloud.ic.uff.br\/wp-content\/uploads\/2023\/04\/Lattes_Transparent.png\" alt=\"\" srcset=\"https:\/\/cloud.ic.uff.br\/wp-content\/uploads\/2023\/04\/Lattes_Transparent.png 288w, https:\/\/cloud.ic.uff.br\/wp-content\/uploads\/2023\/04\/Lattes_Transparent-260x300.png 260w\" sizes=\"(max-width: 288px) 100vw, 288px\" \/><\/a><\/td><\/tr><tr><td class=\"has-text-align-center\" data-align=\"center\"><span class='tooltipsall tooltipsincontent classtoolTips3'>Maria Cristina Silva Boeres<\/span><\/td><td class=\"has-text-align-center\" data-align=\"center\"><a href=\"http:\/\/orcid.org\/0000-0002-1679-6643\" type=\"URL\" id=\"orcid.org\/0000-0002-1679-6643\" class=\"ek-link\"><img decoding=\"async\" loading=\"lazy\" width=\"2048\" height=\"2048\" class=\"wp-image-687\" style=\"width: 32px;\" src=\"https:\/\/cloud.ic.uff.br\/wp-content\/uploads\/2023\/04\/ORCID_iD_Transparent.png\" alt=\"\" srcset=\"https:\/\/cloud.ic.uff.br\/wp-content\/uploads\/2023\/04\/ORCID_iD_Transparent.png 2048w, https:\/\/cloud.ic.uff.br\/wp-content\/uploads\/2023\/04\/ORCID_iD_Transparent-300x300.png 300w, https:\/\/cloud.ic.uff.br\/wp-content\/uploads\/2023\/04\/ORCID_iD_Transparent-1024x1024.png 1024w, https:\/\/cloud.ic.uff.br\/wp-content\/uploads\/2023\/04\/ORCID_iD_Transparent-150x150.png 150w, https:\/\/cloud.ic.uff.br\/wp-content\/uploads\/2023\/04\/ORCID_iD_Transparent-768x768.png 768w, https:\/\/cloud.ic.uff.br\/wp-content\/uploads\/2023\/04\/ORCID_iD_Transparent-1536x1536.png 1536w, https:\/\/cloud.ic.uff.br\/wp-content\/uploads\/2023\/04\/ORCID_iD_Transparent-100x100.png 100w\" sizes=\"(max-width: 767px) 89vw, (max-width: 1000px) 54vw, (max-width: 1071px) 543px, 580px\" \/><\/a><\/td><td class=\"has-text-align-center\" data-align=\"center\"><a href=\"http:\/\/lattes.cnpq.br\/0306766365983082\" data-type=\"URL\" data-id=\"http:\/\/lattes.cnpq.br\/0306766365983082\"><img decoding=\"async\" loading=\"lazy\" width=\"288\" height=\"332\" class=\"wp-image-686\" style=\"width: 32px;\" src=\"https:\/\/cloud.ic.uff.br\/wp-content\/uploads\/2023\/04\/Lattes_Transparent.png\" alt=\"\" srcset=\"https:\/\/cloud.ic.uff.br\/wp-content\/uploads\/2023\/04\/Lattes_Transparent.png 288w, https:\/\/cloud.ic.uff.br\/wp-content\/uploads\/2023\/04\/Lattes_Transparent-260x300.png 260w\" sizes=\"(max-width: 288px) 100vw, 288px\" \/><\/a><\/td><\/tr><tr><td class=\"has-text-align-center\" data-align=\"center\"><span class='tooltipsall tooltipsincontent classtoolTips2'>Eugene Francis Vinod Rebello<\/span><\/td><td class=\"has-text-align-center\" data-align=\"center\"><a href=\"http:\/\/orcid.org\/0000-0003-2715-6796\" data-type=\"URL\" data-id=\"orcid.org\/0000-0003-2715-6796\"><img decoding=\"async\" loading=\"lazy\" width=\"2048\" height=\"2048\" class=\"wp-image-687\" style=\"width: 32px;\" src=\"https:\/\/cloud.ic.uff.br\/wp-content\/uploads\/2023\/04\/ORCID_iD_Transparent.png\" alt=\"\" srcset=\"https:\/\/cloud.ic.uff.br\/wp-content\/uploads\/2023\/04\/ORCID_iD_Transparent.png 2048w, https:\/\/cloud.ic.uff.br\/wp-content\/uploads\/2023\/04\/ORCID_iD_Transparent-300x300.png 300w, https:\/\/cloud.ic.uff.br\/wp-content\/uploads\/2023\/04\/ORCID_iD_Transparent-1024x1024.png 1024w, https:\/\/cloud.ic.uff.br\/wp-content\/uploads\/2023\/04\/ORCID_iD_Transparent-150x150.png 150w, https:\/\/cloud.ic.uff.br\/wp-content\/uploads\/2023\/04\/ORCID_iD_Transparent-768x768.png 768w, https:\/\/cloud.ic.uff.br\/wp-content\/uploads\/2023\/04\/ORCID_iD_Transparent-1536x1536.png 1536w, https:\/\/cloud.ic.uff.br\/wp-content\/uploads\/2023\/04\/ORCID_iD_Transparent-100x100.png 100w\" sizes=\"(max-width: 767px) 89vw, (max-width: 1000px) 54vw, (max-width: 1071px) 543px, 580px\" \/><\/a><\/td><td class=\"has-text-align-center\" data-align=\"center\"><a href=\"http:\/\/lattes.cnpq.br\/8795680989708219\" type=\"URL\" id=\"http:\/\/lattes.cnpq.br\/8795680989708219\" class=\"ek-link\"><img decoding=\"async\" loading=\"lazy\" width=\"288\" height=\"332\" class=\"wp-image-686\" style=\"width: 32px;\" src=\"https:\/\/cloud.ic.uff.br\/wp-content\/uploads\/2023\/04\/Lattes_Transparent.png\" alt=\"\" srcset=\"https:\/\/cloud.ic.uff.br\/wp-content\/uploads\/2023\/04\/Lattes_Transparent.png 288w, https:\/\/cloud.ic.uff.br\/wp-content\/uploads\/2023\/04\/Lattes_Transparent-260x300.png 260w\" sizes=\"(max-width: 288px) 100vw, 288px\" \/><\/a><\/td><\/tr><tr><td class=\"has-text-align-center\" data-align=\"center\"><span class='tooltipsall tooltipsincontent classtoolTips7'>Jos\u00e9 Viterbo Filho<\/span><\/td><td class=\"has-text-align-center\" data-align=\"center\"><a href=\"http:\/\/orcid.org\/0000-0002-0339-6624\" type=\"URL\" id=\"orcid.org\/0000-0002-0339-6624\" class=\"ek-link\"><img decoding=\"async\" loading=\"lazy\" width=\"2048\" height=\"2048\" class=\"wp-image-687\" style=\"width: 32px;\" src=\"https:\/\/cloud.ic.uff.br\/wp-content\/uploads\/2023\/04\/ORCID_iD_Transparent.png\" alt=\"\" srcset=\"https:\/\/cloud.ic.uff.br\/wp-content\/uploads\/2023\/04\/ORCID_iD_Transparent.png 2048w, https:\/\/cloud.ic.uff.br\/wp-content\/uploads\/2023\/04\/ORCID_iD_Transparent-300x300.png 300w, https:\/\/cloud.ic.uff.br\/wp-content\/uploads\/2023\/04\/ORCID_iD_Transparent-1024x1024.png 1024w, https:\/\/cloud.ic.uff.br\/wp-content\/uploads\/2023\/04\/ORCID_iD_Transparent-150x150.png 150w, https:\/\/cloud.ic.uff.br\/wp-content\/uploads\/2023\/04\/ORCID_iD_Transparent-768x768.png 768w, https:\/\/cloud.ic.uff.br\/wp-content\/uploads\/2023\/04\/ORCID_iD_Transparent-1536x1536.png 1536w, https:\/\/cloud.ic.uff.br\/wp-content\/uploads\/2023\/04\/ORCID_iD_Transparent-100x100.png 100w\" sizes=\"(max-width: 767px) 89vw, (max-width: 1000px) 54vw, (max-width: 1071px) 543px, 580px\" \/><\/a><\/td><td class=\"has-text-align-center\" data-align=\"center\"><a href=\"http:\/\/lattes.cnpq.br\/8721187139726277\" type=\"URL\" id=\"http:\/\/lattes.cnpq.br\/8721187139726277\" class=\"ek-link\"><img decoding=\"async\" loading=\"lazy\" width=\"288\" height=\"332\" class=\"wp-image-686\" style=\"width: 32px;\" src=\"https:\/\/cloud.ic.uff.br\/wp-content\/uploads\/2023\/04\/Lattes_Transparent.png\" alt=\"\" srcset=\"https:\/\/cloud.ic.uff.br\/wp-content\/uploads\/2023\/04\/Lattes_Transparent.png 288w, https:\/\/cloud.ic.uff.br\/wp-content\/uploads\/2023\/04\/Lattes_Transparent-260x300.png 260w\" sizes=\"(max-width: 288px) 100vw, 288px\" \/><\/a><\/td><\/tr><tr><td class=\"has-text-align-center\" data-align=\"center\">Mariza Ferro<\/td><td class=\"has-text-align-center\" data-align=\"center\"><a href=\"https:\/\/orcid.org\/0000-0003-0191-582X\" class=\"ek-link\"><img decoding=\"async\" loading=\"lazy\" width=\"2048\" height=\"2048\" class=\"wp-image-687\" style=\"width: 32px;\" src=\"https:\/\/cloud.ic.uff.br\/wp-content\/uploads\/2023\/04\/ORCID_iD_Transparent.png\" alt=\"\" srcset=\"https:\/\/cloud.ic.uff.br\/wp-content\/uploads\/2023\/04\/ORCID_iD_Transparent.png 2048w, https:\/\/cloud.ic.uff.br\/wp-content\/uploads\/2023\/04\/ORCID_iD_Transparent-300x300.png 300w, https:\/\/cloud.ic.uff.br\/wp-content\/uploads\/2023\/04\/ORCID_iD_Transparent-1024x1024.png 1024w, https:\/\/cloud.ic.uff.br\/wp-content\/uploads\/2023\/04\/ORCID_iD_Transparent-150x150.png 150w, https:\/\/cloud.ic.uff.br\/wp-content\/uploads\/2023\/04\/ORCID_iD_Transparent-768x768.png 768w, https:\/\/cloud.ic.uff.br\/wp-content\/uploads\/2023\/04\/ORCID_iD_Transparent-1536x1536.png 1536w, https:\/\/cloud.ic.uff.br\/wp-content\/uploads\/2023\/04\/ORCID_iD_Transparent-100x100.png 100w\" sizes=\"(max-width: 767px) 89vw, (max-width: 1000px) 54vw, (max-width: 1071px) 543px, 580px\" \/><\/a><\/td><td class=\"has-text-align-center\" data-align=\"center\"><a href=\"http:\/\/lattes.cnpq.br\/5895202268828302\" class=\"ek-link\"><img decoding=\"async\" loading=\"lazy\" width=\"288\" height=\"332\" class=\"wp-image-686\" style=\"width: 32px;\" src=\"https:\/\/cloud.ic.uff.br\/wp-content\/uploads\/2023\/04\/Lattes_Transparent.png\" alt=\"\" srcset=\"https:\/\/cloud.ic.uff.br\/wp-content\/uploads\/2023\/04\/Lattes_Transparent.png 288w, https:\/\/cloud.ic.uff.br\/wp-content\/uploads\/2023\/04\/Lattes_Transparent-260x300.png 260w\" sizes=\"(max-width: 288px) 100vw, 288px\" \/><\/a><\/td><\/tr><tr><td class=\"has-text-align-center\" data-align=\"center\">Flavia Cristina Bernardini<\/td><td class=\"has-text-align-center\" data-align=\"center\"><a href=\"https:\/\/orcid.org\/0000-0001-8801-827X\" class=\"ek-link\"><img decoding=\"async\" loading=\"lazy\" width=\"2048\" height=\"2048\" class=\"wp-image-687\" style=\"width: 32px;\" src=\"https:\/\/cloud.ic.uff.br\/wp-content\/uploads\/2023\/04\/ORCID_iD_Transparent.png\" alt=\"\" srcset=\"https:\/\/cloud.ic.uff.br\/wp-content\/uploads\/2023\/04\/ORCID_iD_Transparent.png 2048w, https:\/\/cloud.ic.uff.br\/wp-content\/uploads\/2023\/04\/ORCID_iD_Transparent-300x300.png 300w, https:\/\/cloud.ic.uff.br\/wp-content\/uploads\/2023\/04\/ORCID_iD_Transparent-1024x1024.png 1024w, https:\/\/cloud.ic.uff.br\/wp-content\/uploads\/2023\/04\/ORCID_iD_Transparent-150x150.png 150w, https:\/\/cloud.ic.uff.br\/wp-content\/uploads\/2023\/04\/ORCID_iD_Transparent-768x768.png 768w, https:\/\/cloud.ic.uff.br\/wp-content\/uploads\/2023\/04\/ORCID_iD_Transparent-1536x1536.png 1536w, https:\/\/cloud.ic.uff.br\/wp-content\/uploads\/2023\/04\/ORCID_iD_Transparent-100x100.png 100w\" sizes=\"(max-width: 767px) 89vw, (max-width: 1000px) 54vw, (max-width: 1071px) 543px, 580px\" \/><\/a><\/td><td class=\"has-text-align-center\" data-align=\"center\"><a href=\"http:\/\/lattes.cnpq.br\/5935862634033333\" class=\"ek-link\"><img decoding=\"async\" loading=\"lazy\" width=\"288\" height=\"332\" class=\"wp-image-686\" style=\"width: 32px;\" src=\"https:\/\/cloud.ic.uff.br\/wp-content\/uploads\/2023\/04\/Lattes_Transparent.png\" alt=\"\" srcset=\"https:\/\/cloud.ic.uff.br\/wp-content\/uploads\/2023\/04\/Lattes_Transparent.png 288w, https:\/\/cloud.ic.uff.br\/wp-content\/uploads\/2023\/04\/Lattes_Transparent-260x300.png 260w\" sizes=\"(max-width: 288px) 100vw, 288px\" \/><\/a><\/td><\/tr><\/tbody><\/table><\/figure>\n\n\n\n<hr class=\"wp-block-separator has-alpha-channel-opacity is-style-dots\"\/>\n\n\n\n<h5 class=\"wp-block-heading has-text-align-center\" style=\"font-size:24px;text-transform:none\"><strong>Collaborators<\/strong><\/h5>\n\n\n\n<figure class=\"wp-block-table\"><table><thead><tr><th><strong>Sorbonne Universit\u00e9<\/strong><\/th><\/tr><\/thead><tbody><tr><td><span class='tooltipsall tooltipsincontent classtoolTips14'>Pierre Sens<\/span> &nbsp; <a href=\"http:\/\/orcid.org\/0000-0002-5156-7715\" class=\"ek-link\"><img decoding=\"async\" style=\"width: 16px;\" src=\"https:\/\/cloud.ic.uff.br\/wp-content\/uploads\/2023\/04\/ORCID_iD_Transparent.png\" alt=\"\"><\/a> &nbsp; <a href=\"http:\/\/lip6.fr\/Pierre.Sens\/\" class=\"ek-link\"><img decoding=\"async\" style=\"width: 16px;\" src=\"https:\/\/cloud.ic.uff.br\/wp-content\/uploads\/2023\/04\/Website_Transparent.png\" alt=\"\"><\/a><\/td><\/tr><tr><td><span class='tooltipsall tooltipsincontent classtoolTips11'>Luciana Arantes<\/span> &nbsp; <a href=\"http:\/\/orcid.org\/0000-0002-0938-2004\" class=\"ek-link\"><img decoding=\"async\" style=\"width: 16px;\" src=\"https:\/\/cloud.ic.uff.br\/wp-content\/uploads\/2023\/04\/ORCID_iD_Transparent.png\" alt=\"\"><\/a> &nbsp; <a href=\"http:\/\/lip6.fr\/Luciana.Arantes\/\" class=\"ek-link\"><img decoding=\"async\" style=\"width: 16px;\" src=\"https:\/\/cloud.ic.uff.br\/wp-content\/uploads\/2023\/04\/Website_Transparent.png\" alt=\"\"><\/a><\/td><\/tr><tr><td>Amal El Fallah Seghrouchni &nbsp; <a href=\"http:\/\/orcid.org\/0000-0002-8390-8780\" class=\"ek-link\"><img decoding=\"async\" src=\"https:\/\/cloud.ic.uff.br\/wp-content\/uploads\/2023\/04\/ORCID_iD_Transparent.png\" alt=\"\" style=\"width: 16px;\"><\/a><\/td><\/tr><\/tbody><\/table><\/figure>\n\n\n\n<figure class=\"wp-block-table\"><table><thead><tr><th><strong>MINES ParisTech<\/strong><\/th><\/tr><\/thead><tbody><tr><td><span class='tooltipsall tooltipsincontent classtoolTips12'>Claude Tadonki<\/span> &nbsp; <a href=\"http:\/\/orcid.org\/0000-0003-1194-6400\" class=\"ek-link\"><img decoding=\"async\" src=\"https:\/\/cloud.ic.uff.br\/wp-content\/uploads\/2023\/04\/ORCID_iD_Transparent.png\" alt=\"\" style=\"width: 16px;\"><\/a> &nbsp; <a href=\"http:\/\/www.cri.ensmp.fr\/~tadonki\/\" class=\"ek-link\"><img decoding=\"async\" src=\"https:\/\/cloud.ic.uff.br\/wp-content\/uploads\/2023\/04\/Website_Transparent.png\" alt=\"\" style=\"width: 16px;\"><\/a><\/td><\/tr><\/tbody><\/table><\/figure>\n\n\n\n<figure class=\"wp-block-table\"><table><thead><tr><th><strong>Universit\u00e9 de Bordeaux<\/strong><\/th><\/tr><\/thead><tbody><tr><td>La\u00e9rcio Lima Pilla &nbsp; <a href=\"https:\/\/orcid.org\/0000-0003-0997-586X\" class=\"ek-link\"><img decoding=\"async\" src=\"https:\/\/cloud.ic.uff.br\/wp-content\/uploads\/2023\/04\/ORCID_iD_Transparent.png\" alt=\"\" style=\"width: 16px;\"><\/a> &nbsp; <a href=\"http:\/\/lattes.cnpq.br\/2020489905881170\" class=\"ek-link\"><img decoding=\"async\" src=\"https:\/\/cloud.ic.uff.br\/wp-content\/uploads\/2023\/04\/Lattes_Transparent.png\" alt=\"\" style=\"width: 16px;\"><\/a> &nbsp; <a href=\"https:\/\/www.labri.fr\/perso\/llimapilla\/\" class=\"ek-link\"><img decoding=\"async\" src=\"https:\/\/cloud.ic.uff.br\/wp-content\/uploads\/2023\/04\/Website_Transparent.png\" alt=\"\" style=\"width: 16px;\"><\/a><\/td><\/tr><tr><td>Luan&nbsp;Teylo  <a href=\"https:\/\/orcid.org\/0000-0001-6775-2790\" class=\"ek-link\"><img decoding=\"async\" style=\"width: 16px;\" src=\"https:\/\/cloud.ic.uff.br\/wp-content\/uploads\/2023\/04\/ORCID_iD_Transparent.png\" alt=\"\"><\/a>   <a href=\"http:\/\/lattes.cnpq.br\/2020489905881170\" class=\"ek-link\"><img decoding=\"async\" style=\"width: 16px;\" src=\"https:\/\/cloud.ic.uff.br\/wp-content\/uploads\/2023\/04\/Lattes_Transparent.png\" alt=\"\">  <\/a><a href=\"https:\/\/www.labri.fr\/perso\/llimapilla\/\" class=\"ek-link\"> <\/a><a href=\"https:\/\/www.luanteylo.com\" class=\"ek-link\"><img decoding=\"async\" style=\"width: 16px;\" src=\"https:\/\/cloud.ic.uff.br\/wp-content\/uploads\/2023\/04\/Website_Transparent.png\" alt=\"\"><\/a><\/td><\/tr><\/tbody><\/table><\/figure>\n<script type=\"text\/javascript\"> toolTips('.classtoolTips0','<img class=\"size-medium wp-image-960 aligncenter\" src=\"https:\/\/cloud.ic.uff.br\/wp-content\/uploads\/2023\/08\/Lucia_Drummond-300x240.png\" alt=\"\" width=\"300\" height=\"240\" \/><br\/><br\/>Full Professor at the Institute of Computing of the Universidade Federal Fluminense (UFF).<br\/><br\/>&nbsp;<br\/><p align=\"justify\">Short Bio: She obtained her D.Sc. in Systems Engineering and Computer Science from the Federal University of Rio de Janeiro, Brazil, in 1994, where she took part of the group which developed the first Brazilian parallel computer. She is in the Department of Computer Science of the Fluminense Federal University (UFF) since 1989, where she is now Full Professor. She currently acts in undergraduate and graduate program, advising a number of master and doctoral students. She is a Level 1 Researcher at CNPq (a Brazilian Research Agency), possessing more than 100 publications in journals and proceedings of national and international conferences. Her research interests are parallel and distributed computing, including theory and applications. She has been invited to give talks in Universit\u00e9 Paris-Sud, \u00c9cole de Mines, and Universit\u00e9 d\u2019Avignon et des Pays du Vaucluse, where she has also co-advised PhD students.<\/p>'); <\/script><script type=\"text\/javascript\"> toolTips('.classtoolTips2','<strong>Full Professor at the Institute of Computing of the Universidade Federal Fluminense (UFF)<\/strong><br\/><br\/><strong>Short Bio:<\/strong><br\/><br\/>He holds a bachelor\\'s degree in Computer Science and Electronics and a Ph.D. in Computer Science, both from the University of Edinburgh (UK). He is currently an Associate Professor IV at the Universidade Federal Fluminense. He has experience in the field of Computer Science, with an emphasis on parallel and distributed computing, working mainly on the following topics: grid and cloud computing; middleware and operation of cyberinfrastructures; autonomous applications; task scheduling; fault tolerance; portals for scientific applications and workflows; identity management, digital certification, and public key infrastructure (PKI); the internet of things and smart buildings; and cybersecurity.'); <\/script><script type=\"text\/javascript\"> toolTips('.classtoolTips3','<p data-sourcepos=\"3:1-3:93\"><strong>Full Professor at the Institute of Computing of the Universidade Federal Fluminense (UFF)<\/strong><\/p><br\/><p data-sourcepos=\"5:1-5:14\"><strong>Short Bio:<\/strong><\/p><br\/><p data-sourcepos=\"7:1-7:707\">She holds a bachelor\\'s degree in Mathematics (Informatics concentration) from the Universidade do Estado do Rio de Janeiro (1985), a master\\'s degree in Systems and Computer Engineering from the Universidade Federal do Rio de Janeiro (1990), and a Ph.D. in Computer Science from the University of Edinburgh (1996). She is currently an Associate Professor at the Institute of Computing of the Universidade Federal Fluminense. She has experience in the field of Computer Science, with an emphasis on Parallel and Distributed Processing, working mainly on the following topics: task scheduling, load balancing problems, performance modeling of parallel algorithms, and cluster, grid, and modern cloud computing.<\/p>'); <\/script><script type=\"text\/javascript\"> toolTips('.classtoolTips7','<strong>Full Professor at the Institute of Computing of the Universidade Federal Fluminense (UFF)<\/strong><br\/><br\/><strong>Short Bio:<\/strong><br\/><br\/>Jos\u00e9 Viterbo <span class=\"citation-0 citation-end-0\">holds a degree in Electrical Engineering (with an emphasis on Computing) from the Polytechnic School of the University of S\u00e3o Paulo,<\/span> a Master\\'s in Computing from the Universidade Federal Fluminense, and a doctorate in Informatics from the Pontifical Catholic University of Rio de Janeiro. He is currently an Associate Professor at the Institute of Computing of the Universidade Federal Fluminense (IC\/UFF). He is one of the coordinators of the Data Analysis for Citizenship Center (D4Ctz) and a collaborating researcher at the Active Documentation and Intelligent Design Laboratory (ADDLabs), both at the same university. Furthermore, he has been the Director of Publications for the Brazilian Computer Society (SBC) since 2013. He is active in the Graduate Program in Computing at UFF (PPGC\/UFF), where he conducts research in the areas of collective intelligence, e-government, open data analysis and management, and ubiquitous computing. Google Scholar page: <a class=\"ng-star-inserted\" href=\"https:\/\/scholar.google.com.br\/citations?user=twAYAPsAAAAJ\" target=\"_blank\" rel=\"noopener\">https:\/\/scholar.google.com.br\/citations?user=twAYAPsAAAAJ<\/a>.'); <\/script><script type=\"text\/javascript\"> toolTips('.classtoolTips11','Assistant Professor at the University of Pierre et Marie Currie (Paris 6), member of the Laboratoire d\\'Informatique de Paris 6 (LIP6), and member of INRIA\/LIP6 Regal Project.<br\/><br\/>&nbsp;<br\/><p align=\"justify\">Short Bio: She holds a degree in computer science from Unicamp, completed her master\\'s degree at the Polytechnic School of the University of S\u00e3o Paulo and her doctorate at the Pierre et Marie Curie University (UPMC), Paris, France. Since 2011, she has been a professor\/researcher at the Faculty of Sciences of the Sorbonne University (formerly UPMC) and a member of the Delys group, a cooperation between LIP6 (Laboratoire d\u2019Informatique de Paris 6) and INRIA. The focus of his research is to propose and adapt distributed algorithms for environments that are heterogeneous, dynamic and subject to failure, such as mobile networks, Cloud, P2P and Grids.<\/p>'); <\/script><script type=\"text\/javascript\"> toolTips('.classtoolTips12','<img class=\"size-full wp-image-951 aligncenter\" src=\"https:\/\/cloud.ic.uff.br\/wp-content\/uploads\/2023\/08\/Claude_Tadonki.jpg\" alt=\"\" width=\"200\" height=\"216\" \/><br\/><br\/>Senior Researcher in Computer Science at the MINES ParisTech \u2013 PSL \u2013 Centre de Recherche en Informatique (CRI) HPC \u2013 OR \u2013 OPT.<br\/><br\/>&nbsp;<br\/><p align=\"justify\">Short Bio: He is a senior researcher and lecturer at the MINES ParisTech \u2013 PSL (Paris\/France) since 2011. He holds a PhD and an HDR in computer science from University of Rennes and from Paris-Sud University respectively. After six years of cutting-edge research in operational research and theoretical computer science at the University of Geneva, he relocated to France to work for EMBL, University of Paris-Sud, LAL-CNRS and then MINES ParisTech. His main research topics included High Performance Computing, Parallel Computing, Operational Research, Matrix Computation, Combinatorial Algorithm and Complexity, Mathematical Programming, Scientific and Technical Programming, Automatic Code Transformations. He has worked at several laboratories and universities, he has initiated various scientific projects and national\/international collaborations, and he has given significant number of CS courses in different contexts including industries. He is an active member of well-established scientific corporations and reviewer of high-impact international journals and top-rank conferences. He has published numerous papers in journals and international conferences. He is very active in international collaborations and has co-organized several HPC conferences and forums.<\/p>'); <\/script><script type=\"text\/javascript\"> toolTips('.classtoolTips14','Full Professor at the Sorbonne Universit\u00e9.<br\/><br\/>&nbsp;<br\/><p align=\"justify\">Short Bio: He obtained his Ph. D. in Computer Science in 1994, and the \u201cHabilitation \u00e0 diriger des recherches\u201d in 2000 from Paris 6 University, France. Currently, he is a full Professor at Sorbonne Universit\u00e9. His research interests include distributed systems and algorithms, large scale data storage, fault tolerance, and cloud computing. He is heading the Delys group which is a joint research team between LIP6 and Inria Paris. He was member of the Program Committee of major conferences in the areas of distributed systems and parallelism (DISC, ICDCS, IPDPS, OPODIS, ICPP, Europar,\u2026) and serves as General chair of SBAC and EDCC. Overall, he has published over 150 papers in international journals and conferences and has acted for advisor of 24 PhD theses.<\/p>'); <\/script>","protected":false},"excerpt":{"rendered":"<p>Universidade Federal Fluminense L\u00facia Maria de Assump\u00e7\u00e3o Drummond Maria Cristina Silva Boeres Eugene Francis Vinod Rebello Jos\u00e9 Viterbo Filho Mariza Ferro Flavia Cristina Bernardini Collaborators Sorbonne Universit\u00e9 Pierre Sens &nbsp; &nbsp; Luciana Arantes &nbsp; &nbsp; Amal El Fallah Seghrouchni &nbsp; MINES ParisTech Claude Tadonki &nbsp; &nbsp; Universit\u00e9 de Bordeaux La\u00e9rcio Lima Pilla &nbsp; &nbsp; &nbsp; &hellip; <\/p>\n<p class=\"link-more\"><a href=\"https:\/\/cloud.ic.uff.br\/index.php\/team\/\" class=\"more-link\">Continue reading<span class=\"screen-reader-text\"> &#8220;Team&#8221;<\/span><\/a><\/p>\n","protected":false},"author":8,"featured_media":0,"parent":0,"menu_order":0,"comment_status":"closed","ping_status":"closed","template":"","meta":{"_editorskit_title_hidden":false,"_editorskit_reading_time":0,"_editorskit_is_block_options_detached":false,"_editorskit_block_options_position":"{}","_eb_attr":"","footnotes":""},"_links":{"self":[{"href":"https:\/\/cloud.ic.uff.br\/index.php\/wp-json\/wp\/v2\/pages\/8"}],"collection":[{"href":"https:\/\/cloud.ic.uff.br\/index.php\/wp-json\/wp\/v2\/pages"}],"about":[{"href":"https:\/\/cloud.ic.uff.br\/index.php\/wp-json\/wp\/v2\/types\/page"}],"author":[{"embeddable":true,"href":"https:\/\/cloud.ic.uff.br\/index.php\/wp-json\/wp\/v2\/users\/8"}],"replies":[{"embeddable":true,"href":"https:\/\/cloud.ic.uff.br\/index.php\/wp-json\/wp\/v2\/comments?post=8"}],"version-history":[{"count":14,"href":"https:\/\/cloud.ic.uff.br\/index.php\/wp-json\/wp\/v2\/pages\/8\/revisions"}],"predecessor-version":[{"id":1207,"href":"https:\/\/cloud.ic.uff.br\/index.php\/wp-json\/wp\/v2\/pages\/8\/revisions\/1207"}],"wp:attachment":[{"href":"https:\/\/cloud.ic.uff.br\/index.php\/wp-json\/wp\/v2\/media?parent=8"}],"curies":[{"name":"wp","href":"https:\/\/api.w.org\/{rel}","templated":true}]}}