{"id":982,"date":"2023-08-15T17:43:18","date_gmt":"2023-08-15T17:43:18","guid":{"rendered":"https:\/\/cloud.ic.uff.br\/?page_id=982"},"modified":"2023-08-15T23:26:17","modified_gmt":"2023-08-15T23:26:17","slug":"presentation-a-bag-of-task-scheduler-tolerant-to-temporal-failures-in-cloud","status":"publish","type":"page","link":"https:\/\/cloud.ic.uff.br\/index.php\/presentation-a-bag-of-task-scheduler-tolerant-to-temporal-failures-in-cloud\/","title":{"rendered":"A Bag of Task Scheduler Tolerant to Temporal Failures in Cloud"},"content":{"rendered":"\n<p>Presented by: <span class='tooltipsall tooltipsincontent classtoolTips0'>L\u00facia Drummond<\/span><\/p>\n\n\n\n<h2 class=\"wp-block-heading has-text-align-center\">Parte 1 of 1 (05\/07\/2020)<\/h2>\n\n\n\n<p><iframe loading=\"lazy\" src=\"https:\/\/drive.google.com\/file\/d\/1v3CZHJYC5nVsUloC2atyKSskhCZ9r5_O\/preview\" width=\"640\" height=\"480\"><\/iframe><\/p>\n<script type=\"text\/javascript\"> toolTips('.classtoolTips0','<img class=\"size-medium wp-image-960 aligncenter\" src=\"https:\/\/cloud.ic.uff.br\/wp-content\/uploads\/2023\/08\/Lucia_Drummond-300x240.png\" alt=\"\" width=\"300\" height=\"240\" \/><br\/><br\/>Full Professor at the Institute of Computing of the Universidade Federal Fluminense (UFF).<br\/><br\/>&nbsp;<br\/><p align=\"justify\">Short Bio: She obtained her D.Sc. in Systems Engineering and Computer Science from the Federal University of Rio de Janeiro, Brazil, in 1994, where she took part of the group which developed the first Brazilian parallel computer. She is in the Department of Computer Science of the Fluminense Federal University (UFF) since 1989, where she is now Full Professor. She currently acts in undergraduate and graduate program, advising a number of master and doctoral students. She is a Level 1 Researcher at CNPq (a Brazilian Research Agency), possessing more than 100 publications in journals and proceedings of national and international conferences. Her research interests are parallel and distributed computing, including theory and applications. She has been invited to give talks in Universit\u00e9 Paris-Sud, \u00c9cole de Mines, and Universit\u00e9 d\u2019Avignon et des Pays du Vaucluse, where she has also co-advised PhD students.<\/p>'); <\/script>","protected":false},"excerpt":{"rendered":"<p>Presented by: L\u00facia Drummond Parte 1 of 1 (05\/07\/2020)<\/p>\n","protected":false},"author":8,"featured_media":0,"parent":0,"menu_order":0,"comment_status":"closed","ping_status":"closed","template":"","meta":{"_editorskit_title_hidden":false,"_editorskit_reading_time":0,"_editorskit_is_block_options_detached":false,"_editorskit_block_options_position":"{}","_eb_attr":"","footnotes":""},"_links":{"self":[{"href":"https:\/\/cloud.ic.uff.br\/index.php\/wp-json\/wp\/v2\/pages\/982"}],"collection":[{"href":"https:\/\/cloud.ic.uff.br\/index.php\/wp-json\/wp\/v2\/pages"}],"about":[{"href":"https:\/\/cloud.ic.uff.br\/index.php\/wp-json\/wp\/v2\/types\/page"}],"author":[{"embeddable":true,"href":"https:\/\/cloud.ic.uff.br\/index.php\/wp-json\/wp\/v2\/users\/8"}],"replies":[{"embeddable":true,"href":"https:\/\/cloud.ic.uff.br\/index.php\/wp-json\/wp\/v2\/comments?post=982"}],"version-history":[{"count":3,"href":"https:\/\/cloud.ic.uff.br\/index.php\/wp-json\/wp\/v2\/pages\/982\/revisions"}],"predecessor-version":[{"id":997,"href":"https:\/\/cloud.ic.uff.br\/index.php\/wp-json\/wp\/v2\/pages\/982\/revisions\/997"}],"wp:attachment":[{"href":"https:\/\/cloud.ic.uff.br\/index.php\/wp-json\/wp\/v2\/media?parent=982"}],"curies":[{"name":"wp","href":"https:\/\/api.w.org\/{rel}","templated":true}]}}